{"id":162,"date":"2020-10-31T20:02:53","date_gmt":"2020-10-31T20:02:53","guid":{"rendered":"http:\/\/psychotherapie-ckmeuschel.de\/?page_id=162"},"modified":"2020-12-30T18:53:08","modified_gmt":"2020-12-30T18:53:08","slug":"behandlungsspektrum","status":"publish","type":"page","link":"https:\/\/www.psychotherapie-ckmeuschel.de\/fr\/behandlungsspektrum\/","title":{"rendered":"Troubles psychiques fr\u00e9quents"},"content":{"rendered":"<div data-elementor-type=\"wp-page\" data-elementor-id=\"162\" class=\"elementor elementor-162\" data-elementor-settings=\"[]\">\n\t\t\t\t\t\t<div class=\"elementor-inner\">\n\t\t\t\t\t\t\t<div class=\"elementor-section-wrap\">\n\t\t\t\t\t\t\t<main class=\"elementor-section elementor-top-section elementor-element elementor-element-31befb4d elementor-section-content-middle custom-header elementor-section-boxed elementor-section-height-default elementor-section-height-default\" data-id=\"31befb4d\" data-element_type=\"section\" data-settings=\"{&quot;background_background&quot;:&quot;classic&quot;}\">\n\t\t\t\t\t\t\t<div class=\"elementor-background-overlay\"><\/div>\n\t\t\t\t\t\t\t<div class=\"elementor-container elementor-column-gap-wide\">\n\t\t\t\t\t\t\t<div class=\"elementor-row\">\n\t\t\t\t\t<div class=\"elementor-column elementor-col-100 elementor-top-column elementor-element elementor-element-763d9900 custom-header\" data-id=\"763d9900\" data-element_type=\"column\" data-settings=\"{&quot;background_background&quot;:&quot;classic&quot;}\">\n\t\t\t<div class=\"elementor-column-wrap elementor-element-populated\">\n\t\t\t\t\t\t\t<div class=\"elementor-widget-wrap\">\n\t\t\t\t\t\t\t\t<\/div>\n\t\t\t\t\t<\/div>\n\t\t<\/div>\n\t\t\t\t\t\t\t\t<\/div>\n\t\t\t\t\t<\/div>\n\t\t<\/main>\n\t\t\t\t<section class=\"elementor-section elementor-top-section elementor-element elementor-element-4a0a4d69 standardtext elementor-section-boxed elementor-section-height-default elementor-section-height-default\" data-id=\"4a0a4d69\" data-element_type=\"section\">\n\t\t\t\t\t\t<div class=\"elementor-container elementor-column-gap-default\">\n\t\t\t\t\t\t\t<div class=\"elementor-row\">\n\t\t\t\t\t<div class=\"elementor-column elementor-col-100 elementor-top-column elementor-element elementor-element-54055e98\" data-id=\"54055e98\" data-element_type=\"column\">\n\t\t\t<div class=\"elementor-column-wrap elementor-element-populated\">\n\t\t\t\t\t\t\t<div class=\"elementor-widget-wrap\">\n\t\t\t\t\t\t<div class=\"elementor-element elementor-element-7cc9957 elementor-widget elementor-widget-heading\" data-id=\"7cc9957\" data-element_type=\"widget\" data-widget_type=\"heading.default\">\n\t\t\t\t<div class=\"elementor-widget-container\">\n\t\t\t<h2 class=\"elementor-heading-title elementor-size-default\"><h1 data-elementor-setting-key=\"title\" data-pen-placeholder=\"Eingabe hier...\" style=\"font-variant-ligatures: normal; font-variant-caps: normal; font-family: &quot;Open Sans&quot;, sans-serif; font-size: 3.3em; font-style: normal; font-weight: 600; color: rgb(97, 95, 94); background-color: rgba(255, 255, 255, 0.9);\">Troubles psychiques fr\u00e9quents<\/h1><\/h2>\t\t<\/div>\n\t\t\t\t<\/div>\n\t\t\t\t<div class=\"elementor-element elementor-element-ee5c054 elementor-widget elementor-widget-toggle\" data-id=\"ee5c054\" data-element_type=\"widget\" data-widget_type=\"toggle.default\">\n\t\t\t\t<div class=\"elementor-widget-container\">\n\t\t\t\t\t<div class=\"elementor-toggle\" role=\"tablist\">\n\t\t\t\t\t\t\t<div class=\"elementor-toggle-item\">\n\t\t\t\t\t<div id=\"elementor-tab-title-2491\" class=\"elementor-tab-title\" data-tab=\"1\" role=\"tab\" aria-controls=\"elementor-tab-content-2491\">\n\t\t\t\t\t\t\t\t\t\t\t\t<span class=\"elementor-toggle-icon elementor-toggle-icon-left\" aria-hidden=\"true\">\n\t\t\t\t\t\t\t\t\t\t\t\t\t\t\t<span class=\"elementor-toggle-icon-closed\"><i class=\"fas fa-caret-right\"><\/i><\/span>\n\t\t\t\t\t\t\t\t<span class=\"elementor-toggle-icon-opened\"><i class=\"elementor-toggle-icon-opened fas fa-caret-up\"><\/i><\/span>\n\t\t\t\t\t\t\t\t\t\t\t\t\t<\/span>\n\t\t\t\t\t\t\t\t\t\t\t\t<a href=\"\" class=\"elementor-toggle-title\">Troubles anxieux<\/a>\n\t\t\t\t\t<\/div>\n\t\t\t\t\t<div id=\"elementor-tab-content-2491\" class=\"elementor-tab-content elementor-clearfix\" data-tab=\"1\" role=\"tabpanel\" aria-labelledby=\"elementor-tab-title-2491\"><\/div>\n\t\t\t\t<\/div>\n\t\t\t\t\t\t\t<div class=\"elementor-toggle-item\">\n\t\t\t\t\t<div id=\"elementor-tab-title-2492\" class=\"elementor-tab-title\" data-tab=\"2\" role=\"tab\" aria-controls=\"elementor-tab-content-2492\">\n\t\t\t\t\t\t\t\t\t\t\t\t<span class=\"elementor-toggle-icon elementor-toggle-icon-left\" aria-hidden=\"true\">\n\t\t\t\t\t\t\t\t\t\t\t\t\t\t\t<span class=\"elementor-toggle-icon-closed\"><i class=\"fas fa-caret-right\"><\/i><\/span>\n\t\t\t\t\t\t\t\t<span class=\"elementor-toggle-icon-opened\"><i class=\"elementor-toggle-icon-opened fas fa-caret-up\"><\/i><\/span>\n\t\t\t\t\t\t\t\t\t\t\t\t\t<\/span>\n\t\t\t\t\t\t\t\t\t\t\t\t<a href=\"\" class=\"elementor-toggle-title\">Troubles d\u00e9pressifs<\/a>\n\t\t\t\t\t<\/div>\n\t\t\t\t\t<div id=\"elementor-tab-content-2492\" class=\"elementor-tab-content elementor-clearfix\" data-tab=\"2\" role=\"tabpanel\" aria-labelledby=\"elementor-tab-title-2492\">Lorem ipsum dolor sit amet, consectetur adipiscing elit. Ut elit tellus, luctus nec ullamcorper mattis, pulvinar dapibus leo.<\/div>\n\t\t\t\t<\/div>\n\t\t\t\t\t\t\t<div class=\"elementor-toggle-item\">\n\t\t\t\t\t<div id=\"elementor-tab-title-2493\" class=\"elementor-tab-title\" data-tab=\"3\" role=\"tab\" aria-controls=\"elementor-tab-content-2493\">\n\t\t\t\t\t\t\t\t\t\t\t\t<span class=\"elementor-toggle-icon elementor-toggle-icon-left\" aria-hidden=\"true\">\n\t\t\t\t\t\t\t\t\t\t\t\t\t\t\t<span class=\"elementor-toggle-icon-closed\"><i class=\"fas fa-caret-right\"><\/i><\/span>\n\t\t\t\t\t\t\t\t<span class=\"elementor-toggle-icon-opened\"><i class=\"elementor-toggle-icon-opened fas fa-caret-up\"><\/i><\/span>\n\t\t\t\t\t\t\t\t\t\t\t\t\t<\/span>\n\t\t\t\t\t\t\t\t\t\t\t\t<a href=\"\" class=\"elementor-toggle-title\">Les syndromes de stress post-traumatique<\/a>\n\t\t\t\t\t<\/div>\n\t\t\t\t\t<div id=\"elementor-tab-content-2493\" class=\"elementor-tab-content elementor-clearfix\" data-tab=\"3\" role=\"tabpanel\" aria-labelledby=\"elementor-tab-title-2493\">Contenu de va-et-vient<\/div>\n\t\t\t\t<\/div>\n\t\t\t\t\t\t\t<div class=\"elementor-toggle-item\">\n\t\t\t\t\t<div id=\"elementor-tab-title-2494\" class=\"elementor-tab-title\" data-tab=\"4\" role=\"tab\" aria-controls=\"elementor-tab-content-2494\">\n\t\t\t\t\t\t\t\t\t\t\t\t<span class=\"elementor-toggle-icon elementor-toggle-icon-left\" aria-hidden=\"true\">\n\t\t\t\t\t\t\t\t\t\t\t\t\t\t\t<span class=\"elementor-toggle-icon-closed\"><i class=\"fas fa-caret-right\"><\/i><\/span>\n\t\t\t\t\t\t\t\t<span class=\"elementor-toggle-icon-opened\"><i class=\"elementor-toggle-icon-opened fas fa-caret-up\"><\/i><\/span>\n\t\t\t\t\t\t\t\t\t\t\t\t\t<\/span>\n\t\t\t\t\t\t\t\t\t\t\t\t<a href=\"\" class=\"elementor-toggle-title\">Zwangsst\u00f6rungen<\/a>\n\t\t\t\t\t<\/div>\n\t\t\t\t\t<div id=\"elementor-tab-content-2494\" class=\"elementor-tab-content elementor-clearfix\" data-tab=\"4\" role=\"tabpanel\" aria-labelledby=\"elementor-tab-title-2494\">Contenu de va-et-vient<\/div>\n\t\t\t\t<\/div>\n\t\t\t\t\t\t\t<div class=\"elementor-toggle-item\">\n\t\t\t\t\t<div id=\"elementor-tab-title-2495\" class=\"elementor-tab-title\" data-tab=\"5\" role=\"tab\" aria-controls=\"elementor-tab-content-2495\">\n\t\t\t\t\t\t\t\t\t\t\t\t<span class=\"elementor-toggle-icon elementor-toggle-icon-left\" aria-hidden=\"true\">\n\t\t\t\t\t\t\t\t\t\t\t\t\t\t\t<span class=\"elementor-toggle-icon-closed\"><i class=\"fas fa-caret-right\"><\/i><\/span>\n\t\t\t\t\t\t\t\t<span class=\"elementor-toggle-icon-opened\"><i class=\"elementor-toggle-icon-opened fas fa-caret-up\"><\/i><\/span>\n\t\t\t\t\t\t\t\t\t\t\t\t\t<\/span>\n\t\t\t\t\t\t\t\t\t\t\t\t<a href=\"\" class=\"elementor-toggle-title\">Syndrome de douleur chronique<\/a>\n\t\t\t\t\t<\/div>\n\t\t\t\t\t<div id=\"elementor-tab-content-2495\" class=\"elementor-tab-content elementor-clearfix\" data-tab=\"5\" role=\"tabpanel\" aria-labelledby=\"elementor-tab-title-2495\">Contenu de va-et-vient<\/div>\n\t\t\t\t<\/div>\n\t\t\t\t\t\t\t<div class=\"elementor-toggle-item\">\n\t\t\t\t\t<div id=\"elementor-tab-title-2496\" class=\"elementor-tab-title\" data-tab=\"6\" role=\"tab\" aria-controls=\"elementor-tab-content-2496\">\n\t\t\t\t\t\t\t\t\t\t\t\t<span class=\"elementor-toggle-icon elementor-toggle-icon-left\" aria-hidden=\"true\">\n\t\t\t\t\t\t\t\t\t\t\t\t\t\t\t<span class=\"elementor-toggle-icon-closed\"><i class=\"fas fa-caret-right\"><\/i><\/span>\n\t\t\t\t\t\t\t\t<span class=\"elementor-toggle-icon-opened\"><i class=\"elementor-toggle-icon-opened fas fa-caret-up\"><\/i><\/span>\n\t\t\t\t\t\t\t\t\t\t\t\t\t<\/span>\n\t\t\t\t\t\t\t\t\t\t\t\t<a href=\"\" class=\"elementor-toggle-title\">Tinnitus<\/a>\n\t\t\t\t\t<\/div>\n\t\t\t\t\t<div id=\"elementor-tab-content-2496\" class=\"elementor-tab-content elementor-clearfix\" data-tab=\"6\" role=\"tabpanel\" aria-labelledby=\"elementor-tab-title-2496\">Contenu de va-et-vient<\/div>\n\t\t\t\t<\/div>\n\t\t\t\t\t\t\t<div class=\"elementor-toggle-item\">\n\t\t\t\t\t<div id=\"elementor-tab-title-2497\" class=\"elementor-tab-title\" data-tab=\"7\" role=\"tab\" aria-controls=\"elementor-tab-content-2497\">\n\t\t\t\t\t\t\t\t\t\t\t\t<span class=\"elementor-toggle-icon elementor-toggle-icon-left\" aria-hidden=\"true\">\n\t\t\t\t\t\t\t\t\t\t\t\t\t\t\t<span class=\"elementor-toggle-icon-closed\"><i class=\"fas fa-caret-right\"><\/i><\/span>\n\t\t\t\t\t\t\t\t<span class=\"elementor-toggle-icon-opened\"><i class=\"elementor-toggle-icon-opened fas fa-caret-up\"><\/i><\/span>\n\t\t\t\t\t\t\t\t\t\t\t\t\t<\/span>\n\t\t\t\t\t\t\t\t\t\t\t\t<a href=\"\" class=\"elementor-toggle-title\">Essst\u00f6rung<\/a>\n\t\t\t\t\t<\/div>\n\t\t\t\t\t<div id=\"elementor-tab-content-2497\" class=\"elementor-tab-content elementor-clearfix\" data-tab=\"7\" role=\"tabpanel\" aria-labelledby=\"elementor-tab-title-2497\">Contenu de va-et-vient<\/div>\n\t\t\t\t<\/div>\n\t\t\t\t\t\t\t<div class=\"elementor-toggle-item\">\n\t\t\t\t\t<div id=\"elementor-tab-title-2498\" class=\"elementor-tab-title\" data-tab=\"8\" role=\"tab\" aria-controls=\"elementor-tab-content-2498\">\n\t\t\t\t\t\t\t\t\t\t\t\t<span class=\"elementor-toggle-icon elementor-toggle-icon-left\" aria-hidden=\"true\">\n\t\t\t\t\t\t\t\t\t\t\t\t\t\t\t<span class=\"elementor-toggle-icon-closed\"><i class=\"fas fa-caret-right\"><\/i><\/span>\n\t\t\t\t\t\t\t\t<span class=\"elementor-toggle-icon-opened\"><i class=\"elementor-toggle-icon-opened fas fa-caret-up\"><\/i><\/span>\n\t\t\t\t\t\t\t\t\t\t\t\t\t<\/span>\n\t\t\t\t\t\t\t\t\t\t\t\t<a href=\"\" class=\"elementor-toggle-title\">psychische Belastung bei k\u00f6rperlicher Krankheit<\/a>\n\t\t\t\t\t<\/div>\n\t\t\t\t\t<div id=\"elementor-tab-content-2498\" class=\"elementor-tab-content elementor-clearfix\" data-tab=\"8\" role=\"tabpanel\" aria-labelledby=\"elementor-tab-title-2498\">Contenu de va-et-vient<\/div>\n\t\t\t\t<\/div>\n\t\t\t\t\t\t\t<div class=\"elementor-toggle-item\">\n\t\t\t\t\t<div id=\"elementor-tab-title-2499\" class=\"elementor-tab-title\" data-tab=\"9\" role=\"tab\" aria-controls=\"elementor-tab-content-2499\">\n\t\t\t\t\t\t\t\t\t\t\t\t<span class=\"elementor-toggle-icon elementor-toggle-icon-left\" aria-hidden=\"true\">\n\t\t\t\t\t\t\t\t\t\t\t\t\t\t\t<span class=\"elementor-toggle-icon-closed\"><i class=\"fas fa-caret-right\"><\/i><\/span>\n\t\t\t\t\t\t\t\t<span class=\"elementor-toggle-icon-opened\"><i class=\"elementor-toggle-icon-opened fas fa-caret-up\"><\/i><\/span>\n\t\t\t\t\t\t\t\t\t\t\t\t\t<\/span>\n\t\t\t\t\t\t\t\t\t\t\t\t<a href=\"\" class=\"elementor-toggle-title\">D\u00e9tresse psychologique due au harc\u00e8lement moral<\/a>\n\t\t\t\t\t<\/div>\n\t\t\t\t\t<div id=\"elementor-tab-content-2499\" class=\"elementor-tab-content elementor-clearfix\" data-tab=\"9\" role=\"tabpanel\" aria-labelledby=\"elementor-tab-title-2499\">Contenu de va-et-vient<\/div>\n\t\t\t\t<\/div>\n\t\t\t\t\t\t\t<div class=\"elementor-toggle-item\">\n\t\t\t\t\t<div id=\"elementor-tab-title-24910\" class=\"elementor-tab-title\" data-tab=\"10\" role=\"tab\" aria-controls=\"elementor-tab-content-24910\">\n\t\t\t\t\t\t\t\t\t\t\t\t<span class=\"elementor-toggle-icon elementor-toggle-icon-left\" aria-hidden=\"true\">\n\t\t\t\t\t\t\t\t\t\t\t\t\t\t\t<span class=\"elementor-toggle-icon-closed\"><i class=\"fas fa-caret-right\"><\/i><\/span>\n\t\t\t\t\t\t\t\t<span class=\"elementor-toggle-icon-opened\"><i class=\"elementor-toggle-icon-opened fas fa-caret-up\"><\/i><\/span>\n\t\t\t\t\t\t\t\t\t\t\t\t\t<\/span>\n\t\t\t\t\t\t\t\t\t\t\t\t<a href=\"\" class=\"elementor-toggle-title\">Belastung bei Burn-Out<\/a>\n\t\t\t\t\t<\/div>\n\t\t\t\t\t<div id=\"elementor-tab-content-24910\" class=\"elementor-tab-content elementor-clearfix\" data-tab=\"10\" role=\"tabpanel\" aria-labelledby=\"elementor-tab-title-24910\">Contenu de va-et-vient<\/div>\n\t\t\t\t<\/div>\n\t\t\t\t\t\t\t<div class=\"elementor-toggle-item\">\n\t\t\t\t\t<div id=\"elementor-tab-title-24911\" class=\"elementor-tab-title\" data-tab=\"11\" role=\"tab\" aria-controls=\"elementor-tab-content-24911\">\n\t\t\t\t\t\t\t\t\t\t\t\t<span class=\"elementor-toggle-icon elementor-toggle-icon-left\" aria-hidden=\"true\">\n\t\t\t\t\t\t\t\t\t\t\t\t\t\t\t<span class=\"elementor-toggle-icon-closed\"><i class=\"fas fa-caret-right\"><\/i><\/span>\n\t\t\t\t\t\t\t\t<span class=\"elementor-toggle-icon-opened\"><i class=\"elementor-toggle-icon-opened fas fa-caret-up\"><\/i><\/span>\n\t\t\t\t\t\t\t\t\t\t\t\t\t<\/span>\n\t\t\t\t\t\t\t\t\t\t\t\t<a href=\"\" class=\"elementor-toggle-title\">Schwangerschaftskonflikte<\/a>\n\t\t\t\t\t<\/div>\n\t\t\t\t\t<div id=\"elementor-tab-content-24911\" class=\"elementor-tab-content elementor-clearfix\" data-tab=\"11\" role=\"tabpanel\" aria-labelledby=\"elementor-tab-title-24911\">Contenu de va-et-vient<\/div>\n\t\t\t\t<\/div>\n\t\t\t\t\t\t\t<div class=\"elementor-toggle-item\">\n\t\t\t\t\t<div id=\"elementor-tab-title-24912\" class=\"elementor-tab-title\" data-tab=\"12\" role=\"tab\" aria-controls=\"elementor-tab-content-24912\">\n\t\t\t\t\t\t\t\t\t\t\t\t<span class=\"elementor-toggle-icon elementor-toggle-icon-left\" aria-hidden=\"true\">\n\t\t\t\t\t\t\t\t\t\t\t\t\t\t\t<span class=\"elementor-toggle-icon-closed\"><i class=\"fas fa-caret-right\"><\/i><\/span>\n\t\t\t\t\t\t\t\t<span class=\"elementor-toggle-icon-opened\"><i class=\"elementor-toggle-icon-opened fas fa-caret-up\"><\/i><\/span>\n\t\t\t\t\t\t\t\t\t\t\t\t\t<\/span>\n\t\t\t\t\t\t\t\t\t\t\t\t<a href=\"\" class=\"elementor-toggle-title\">Schwierigkeiten in der Mutter-Kind-Beziehung<\/a>\n\t\t\t\t\t<\/div>\n\t\t\t\t\t<div id=\"elementor-tab-content-24912\" class=\"elementor-tab-content elementor-clearfix\" data-tab=\"12\" role=\"tabpanel\" aria-labelledby=\"elementor-tab-title-24912\">Contenu de va-et-vient<\/div>\n\t\t\t\t<\/div>\n\t\t\t\t\t\t\t<div class=\"elementor-toggle-item\">\n\t\t\t\t\t<div id=\"elementor-tab-title-24913\" class=\"elementor-tab-title\" data-tab=\"13\" role=\"tab\" aria-controls=\"elementor-tab-content-24913\">\n\t\t\t\t\t\t\t\t\t\t\t\t<span class=\"elementor-toggle-icon elementor-toggle-icon-left\" aria-hidden=\"true\">\n\t\t\t\t\t\t\t\t\t\t\t\t\t\t\t<span class=\"elementor-toggle-icon-closed\"><i class=\"fas fa-caret-right\"><\/i><\/span>\n\t\t\t\t\t\t\t\t<span class=\"elementor-toggle-icon-opened\"><i class=\"elementor-toggle-icon-opened fas fa-caret-up\"><\/i><\/span>\n\t\t\t\t\t\t\t\t\t\t\t\t\t<\/span>\n\t\t\t\t\t\t\t\t\t\t\t\t<a href=\"\" class=\"elementor-toggle-title\">Belastung bei unerf\u00fclltem Kinderwunsch \/ Kinderlosigkeit<\/a>\n\t\t\t\t\t<\/div>\n\t\t\t\t\t<div id=\"elementor-tab-content-24913\" class=\"elementor-tab-content elementor-clearfix\" data-tab=\"13\" role=\"tabpanel\" aria-labelledby=\"elementor-tab-title-24913\">Contenu de va-et-vient<\/div>\n\t\t\t\t<\/div>\n\t\t\t\t\t\t\t<div class=\"elementor-toggle-item\">\n\t\t\t\t\t<div id=\"elementor-tab-title-24914\" class=\"elementor-tab-title\" data-tab=\"14\" role=\"tab\" aria-controls=\"elementor-tab-content-24914\">\n\t\t\t\t\t\t\t\t\t\t\t\t<span class=\"elementor-toggle-icon elementor-toggle-icon-left\" aria-hidden=\"true\">\n\t\t\t\t\t\t\t\t\t\t\t\t\t\t\t<span class=\"elementor-toggle-icon-closed\"><i class=\"fas fa-caret-right\"><\/i><\/span>\n\t\t\t\t\t\t\t\t<span class=\"elementor-toggle-icon-opened\"><i class=\"elementor-toggle-icon-opened fas fa-caret-up\"><\/i><\/span>\n\t\t\t\t\t\t\t\t\t\t\t\t\t<\/span>\n\t\t\t\t\t\t\t\t\t\t\t\t<a href=\"\" class=\"elementor-toggle-title\">Belastung nach Trennung \/ Todesfall<\/a>\n\t\t\t\t\t<\/div>\n\t\t\t\t\t<div id=\"elementor-tab-content-24914\" class=\"elementor-tab-content elementor-clearfix\" data-tab=\"14\" role=\"tabpanel\" aria-labelledby=\"elementor-tab-title-24914\">Contenu de va-et-vient<\/div>\n\t\t\t\t<\/div>\n\t\t\t\t\t<\/div>\n\t\t\t\t<\/div>\n\t\t\t\t<\/div>\n\t\t\t\t<div class=\"elementor-element elementor-element-2e8a81a9 elementor-widget elementor-widget-text-editor\" data-id=\"2e8a81a9\" data-element_type=\"widget\" data-widget_type=\"text-editor.default\">\n\t\t\t\t<div class=\"elementor-widget-container\">\n\t\t\t\t\t<div class=\"elementor-text-editor elementor-clearfix\"><p>Diese&nbsp;<\/p>\n<p style=\"margin-left: 18.0pt; text-align: justify; text-indent: -18.0pt; mso-list: l0 level1 lfo1;\"><br><\/p>\n<p><\/p>\n<p style=\"text-align: justify;\">\n<\/p><\/div>\n\t\t\t\t<\/div>\n\t\t\t\t<\/div>\n\t\t\t\t\t\t<\/div>\n\t\t\t\t\t<\/div>\n\t\t<\/div>\n\t\t\t\t\t\t\t\t<\/div>\n\t\t\t\t\t<\/div>\n\t\t<\/section>\n\t\t\t\t\t\t<\/div>\n\t\t\t\t\t\t<\/div>\n\t\t\t\t\t<\/div>","protected":false},"excerpt":{"rendered":"<p>Behandlungsspektrum Angstst\u00f6rungen Depressive St\u00f6rungen Lorem ipsum dolor sit amet, consectetur adipiscing elit. Ut elit tellus, luctus nec ullamcorper mattis, pulvinar dapibus leo. Traumafolgest\u00f6rungen Inhalt umschalten Zwangsst\u00f6rungen Inhalt umschalten Chronisches Schmerzsyndrom Inhalt umschalten Tinnitus Inhalt umschalten Essst\u00f6rung Inhalt umschalten psychische Belastung bei k\u00f6rperlicher Krankheit Inhalt umschalten Belastung bei Mobbing Inhalt umschalten Belastung bei Burn-Out Inhalt umschalten [&hellip;]<\/p>","protected":false},"author":1,"featured_media":0,"parent":0,"menu_order":0,"comment_status":"closed","ping_status":"closed","template":"","meta":[],"_links":{"self":[{"href":"https:\/\/www.psychotherapie-ckmeuschel.de\/fr\/wp-json\/wp\/v2\/pages\/162"}],"collection":[{"href":"https:\/\/www.psychotherapie-ckmeuschel.de\/fr\/wp-json\/wp\/v2\/pages"}],"about":[{"href":"https:\/\/www.psychotherapie-ckmeuschel.de\/fr\/wp-json\/wp\/v2\/types\/page"}],"author":[{"embeddable":true,"href":"https:\/\/www.psychotherapie-ckmeuschel.de\/fr\/wp-json\/wp\/v2\/users\/1"}],"replies":[{"embeddable":true,"href":"https:\/\/www.psychotherapie-ckmeuschel.de\/fr\/wp-json\/wp\/v2\/comments?post=162"}],"version-history":[{"count":31,"href":"https:\/\/www.psychotherapie-ckmeuschel.de\/fr\/wp-json\/wp\/v2\/pages\/162\/revisions"}],"predecessor-version":[{"id":1511,"href":"https:\/\/www.psychotherapie-ckmeuschel.de\/fr\/wp-json\/wp\/v2\/pages\/162\/revisions\/1511"}],"wp:attachment":[{"href":"https:\/\/www.psychotherapie-ckmeuschel.de\/fr\/wp-json\/wp\/v2\/media?parent=162"}],"curies":[{"name":"wp","href":"https:\/\/api.w.org\/{rel}","templated":true}]}}