{"id":168,"date":"2020-10-31T20:05:12","date_gmt":"2020-10-31T20:05:12","guid":{"rendered":"http:\/\/psychotherapie-ckmeuschel.de\/?page_id=168"},"modified":"2021-03-14T06:18:44","modified_gmt":"2021-03-14T06:18:44","slug":"depressive-stoerungen","status":"publish","type":"page","link":"https:\/\/www.psychotherapie-ckmeuschel.de\/fr\/depressive-stoerungen\/","title":{"rendered":"Troubles d\u00e9pressifs"},"content":{"rendered":"<div data-elementor-type=\"wp-page\" data-elementor-id=\"168\" class=\"elementor elementor-168\" data-elementor-settings=\"[]\">\n\t\t\t\t\t\t<div class=\"elementor-inner\">\n\t\t\t\t\t\t\t<div class=\"elementor-section-wrap\">\n\t\t\t\t\t\t\t<main class=\"elementor-section elementor-top-section elementor-element elementor-element-3db550d elementor-section-content-middle custom-header elementor-section-boxed elementor-section-height-default elementor-section-height-default\" data-id=\"3db550d\" data-element_type=\"section\" data-settings=\"{&quot;background_background&quot;:&quot;classic&quot;}\">\n\t\t\t\t\t\t\t<div class=\"elementor-background-overlay\"><\/div>\n\t\t\t\t\t\t\t<div class=\"elementor-container elementor-column-gap-wide\">\n\t\t\t\t\t\t\t<div class=\"elementor-row\">\n\t\t\t\t\t<div class=\"elementor-column elementor-col-100 elementor-top-column elementor-element elementor-element-7ae6a11 custom-header\" data-id=\"7ae6a11\" data-element_type=\"column\" data-settings=\"{&quot;background_background&quot;:&quot;classic&quot;}\">\n\t\t\t<div class=\"elementor-column-wrap elementor-element-populated\">\n\t\t\t\t\t\t\t<div class=\"elementor-widget-wrap\">\n\t\t\t\t\t\t<div class=\"elementor-element elementor-element-4e77212b custom-headline elementor-widget elementor-widget-heading\" data-id=\"4e77212b\" data-element_type=\"widget\" data-widget_type=\"heading.default\">\n\t\t\t\t<div class=\"elementor-widget-container\">\n\t\t\t<h1 class=\"elementor-heading-title elementor-size-default\">Troubles d\u00e9pressifs<\/h1>\t\t<\/div>\n\t\t\t\t<\/div>\n\t\t\t\t\t\t<\/div>\n\t\t\t\t\t<\/div>\n\t\t<\/div>\n\t\t\t\t\t\t\t\t<\/div>\n\t\t\t\t\t<\/div>\n\t\t<\/main>\n\t\t\t\t<section class=\"elementor-section elementor-top-section elementor-element elementor-element-39d85034 standardtext elementor-section-boxed elementor-section-height-default elementor-section-height-default\" data-id=\"39d85034\" data-element_type=\"section\">\n\t\t\t\t\t\t<div class=\"elementor-container elementor-column-gap-default\">\n\t\t\t\t\t\t\t<div class=\"elementor-row\">\n\t\t\t\t\t<div class=\"elementor-column elementor-col-100 elementor-top-column elementor-element elementor-element-45cad51e\" data-id=\"45cad51e\" data-element_type=\"column\">\n\t\t\t<div class=\"elementor-column-wrap elementor-element-populated\">\n\t\t\t\t\t\t\t<div class=\"elementor-widget-wrap\">\n\t\t\t\t\t\t<div class=\"elementor-element elementor-element-62daa0ac elementor-widget elementor-widget-text-editor\" data-id=\"62daa0ac\" data-element_type=\"widget\" data-widget_type=\"text-editor.default\">\n\t\t\t\t<div class=\"elementor-widget-container\">\n\t\t\t\t\t<div class=\"elementor-text-editor elementor-clearfix\"><p class=\"MsoNormal\" style=\"text-align: justify;\"><b><span style=\"font-size: 12.0pt; line-height: 107%; font-family: 'Candara Light',sans-serif; color: black; mso-themecolor: text1;\">La d\u00e9pression peut frapper tout un chacun. Le passage de la normalit\u00e9 (\"\u00eatre de mauvaise humeur\") \u00e0 la maladie mentale est souvent fluide. La d\u00e9pression se manifeste par une tristesse persistante ou r\u00e9currente, une apathie (manque de motivation, passivit\u00e9) et un comportement de retrait. L'estime de soi peut \u00e9galement diminuer, certaines personnes se n\u00e9gligent et des sympt\u00f4mes corporels (douleurs, prise\/perte de poids\u2026) peuvent appara\u00eetre ou s'aggraver. Parfois, cela peut conduire \u00e0 des id\u00e9es de ne plus vouloir vivre voire de se suicider. La th\u00e9rapie comportementale peut vous aider \u00e0 retrouver votre chemin dans la vie. La th\u00e9rapie cognitivo-comportementale peut vous aider \u00e0 retrouver votre chemin dans la vie. Une m\u00e9thode compl\u00e9mentaire est la technique de la pleine conscience. <a href=\"https:\/\/www.psychotherapie-ckmeuschel.de\/fr\/verhaltenstherapie\/\">Th\u00e9rapie cognitivo-comportementale<\/a>  <a href=\"https:\/\/www.psychotherapie-ckmeuschel.de\/fr\/achsamkeitstherapie\/\"><\/a> <\/span><\/b><\/p><\/div>\n\t\t\t\t<\/div>\n\t\t\t\t<\/div>\n\t\t\t\t\t\t<\/div>\n\t\t\t\t\t<\/div>\n\t\t<\/div>\n\t\t\t\t\t\t\t\t<\/div>\n\t\t\t\t\t<\/div>\n\t\t<\/section>\n\t\t\t\t\t\t<\/div>\n\t\t\t\t\t\t<\/div>\n\t\t\t\t\t<\/div>","protected":false},"excerpt":{"rendered":"<p>Depressive St\u00f6rungen Depression kann jeden treffen. Der \u00dcbergang von der Normalit\u00e4t (\u201emal schlecht drauf sein\u201c) zur psychischen St\u00f6rung ist wie h\u00e4ufig flie\u00dfend. Depression zeigt sich durch andauernde bzw. zu starke wiederkehrende Traurigkeit, Lustlosigkeit und R\u00fcckzugsverhalten. Auch kann das Selbstwertgef\u00fchl schwinden, Manche Menschen vernachl\u00e4ssigen sich selbst, zudem k\u00f6nnen k\u00f6rperliche Symptome auftreten oder sich verst\u00e4rken. Zuweilen finden [&hellip;]<\/p>","protected":false},"author":1,"featured_media":0,"parent":0,"menu_order":0,"comment_status":"closed","ping_status":"closed","template":"","meta":[],"_links":{"self":[{"href":"https:\/\/www.psychotherapie-ckmeuschel.de\/fr\/wp-json\/wp\/v2\/pages\/168"}],"collection":[{"href":"https:\/\/www.psychotherapie-ckmeuschel.de\/fr\/wp-json\/wp\/v2\/pages"}],"about":[{"href":"https:\/\/www.psychotherapie-ckmeuschel.de\/fr\/wp-json\/wp\/v2\/types\/page"}],"author":[{"embeddable":true,"href":"https:\/\/www.psychotherapie-ckmeuschel.de\/fr\/wp-json\/wp\/v2\/users\/1"}],"replies":[{"embeddable":true,"href":"https:\/\/www.psychotherapie-ckmeuschel.de\/fr\/wp-json\/wp\/v2\/comments?post=168"}],"version-history":[{"count":22,"href":"https:\/\/www.psychotherapie-ckmeuschel.de\/fr\/wp-json\/wp\/v2\/pages\/168\/revisions"}],"predecessor-version":[{"id":1659,"href":"https:\/\/www.psychotherapie-ckmeuschel.de\/fr\/wp-json\/wp\/v2\/pages\/168\/revisions\/1659"}],"wp:attachment":[{"href":"https:\/\/www.psychotherapie-ckmeuschel.de\/fr\/wp-json\/wp\/v2\/media?parent=168"}],"curies":[{"name":"wp","href":"https:\/\/api.w.org\/{rel}","templated":true}]}}