{"id":171,"date":"2020-10-31T20:06:10","date_gmt":"2020-10-31T20:06:10","guid":{"rendered":"http:\/\/psychotherapie-ckmeuschel.de\/?page_id=171"},"modified":"2022-01-29T12:18:24","modified_gmt":"2022-01-29T12:18:24","slug":"traumafolgestoerungen","status":"publish","type":"page","link":"https:\/\/www.psychotherapie-ckmeuschel.de\/fr\/traumafolgestoerungen\/","title":{"rendered":"Les syndromes de stress post-traumatique"},"content":{"rendered":"<div data-elementor-type=\"wp-page\" data-elementor-id=\"171\" class=\"elementor elementor-171\" data-elementor-settings=\"[]\">\n\t\t\t\t\t\t<div class=\"elementor-inner\">\n\t\t\t\t\t\t\t<div class=\"elementor-section-wrap\">\n\t\t\t\t\t\t\t<main class=\"elementor-section elementor-top-section elementor-element elementor-element-7946ca0f elementor-section-content-middle custom-header elementor-section-boxed elementor-section-height-default elementor-section-height-default\" data-id=\"7946ca0f\" data-element_type=\"section\" data-settings=\"{&quot;background_background&quot;:&quot;classic&quot;}\">\n\t\t\t\t\t\t\t<div class=\"elementor-background-overlay\"><\/div>\n\t\t\t\t\t\t\t<div class=\"elementor-container elementor-column-gap-wide\">\n\t\t\t\t\t\t\t<div class=\"elementor-row\">\n\t\t\t\t\t<div class=\"elementor-column elementor-col-100 elementor-top-column elementor-element elementor-element-64a11170 custom-header\" data-id=\"64a11170\" data-element_type=\"column\" data-settings=\"{&quot;background_background&quot;:&quot;classic&quot;}\">\n\t\t\t<div class=\"elementor-column-wrap elementor-element-populated\">\n\t\t\t\t\t\t\t<div class=\"elementor-widget-wrap\">\n\t\t\t\t\t\t<div class=\"elementor-element elementor-element-509be0a7 custom-headline elementor-widget elementor-widget-heading\" data-id=\"509be0a7\" data-element_type=\"widget\" data-widget_type=\"heading.default\">\n\t\t\t\t<div class=\"elementor-widget-container\">\n\t\t\t<h1 class=\"elementor-heading-title elementor-size-default\">Les syndromes de stress post-traumatique<\/h1>\t\t<\/div>\n\t\t\t\t<\/div>\n\t\t\t\t\t\t<\/div>\n\t\t\t\t\t<\/div>\n\t\t<\/div>\n\t\t\t\t\t\t\t\t<\/div>\n\t\t\t\t\t<\/div>\n\t\t<\/main>\n\t\t\t\t<section class=\"elementor-section elementor-top-section elementor-element elementor-element-5cebd72d standardtext elementor-section-boxed elementor-section-height-default elementor-section-height-default\" data-id=\"5cebd72d\" data-element_type=\"section\">\n\t\t\t\t\t\t<div class=\"elementor-container elementor-column-gap-default\">\n\t\t\t\t\t\t\t<div class=\"elementor-row\">\n\t\t\t\t\t<div class=\"elementor-column elementor-col-100 elementor-top-column elementor-element elementor-element-d123057\" data-id=\"d123057\" data-element_type=\"column\">\n\t\t\t<div class=\"elementor-column-wrap elementor-element-populated\">\n\t\t\t\t\t\t\t<div class=\"elementor-widget-wrap\">\n\t\t\t\t\t\t<div class=\"elementor-element elementor-element-c23bc07 elementor-widget elementor-widget-text-editor\" data-id=\"c23bc07\" data-element_type=\"widget\" data-widget_type=\"text-editor.default\">\n\t\t\t\t<div class=\"elementor-widget-container\">\n\t\t\t\t\t<div class=\"elementor-text-editor elementor-clearfix\"><p style=\"text-align: justify;\"><b><span style=\"font-size: 12.0pt; line-height: 107%; font-family: 'Candara Light',sans-serif; color: black; mso-themecolor: text1;\">Certains \u00e9v\u00e9nements dramatiques de la vie (agression, accident, viol, maladie grave, op\u00e9ration, perte d'un enfant, exp\u00e9rience de guerre, menace, n\u00e9gligence persistante dans l'enfance, etc.) sont susceptibles de laisser des sequelles. On parle alors de trouble de stress post-traumatique simple ou complexe, selon la dur\u00e9e et de l#impact qu'ont eu le  ou les \u00e9v\u00e9nements.\u00a0<\/span><\/b><\/p><p style=\"text-align: justify;\"><b><span style=\"font-size: 12.0pt; line-height: 107%; font-family: 'Candara Light',sans-serif; color: black; mso-themecolor: text1;\">Le trouble de stress post-traumatique se manifeste par des souvenirs soudains et r\u00e9currents qui sont tr\u00e8s p\u00e9nibles \u00e0 vivre (flashbacks), par des des cauchemars, une tension persistante, de la dissociation et parfois un comportement d'\u00e9vitement. On observe chez certaines personnes des tentatives pour compenser la tension int\u00e9rieure, par exemple par une consommation accrue d'alcool, une alimentation excessive, une d\u00e9pendance sexuelle. <\/span><\/b><\/p><p style=\"text-align: justify;\"><b><span style=\"font-size: 12.0pt; line-height: 107%; font-family: 'Candara Light',sans-serif; color: black; mso-themecolor: text1;\">La psychoth\u00e9rapie peut vous aider \u00e0 vous stabiliser, \u00e0 mieux g\u00e9rer les exp\u00e9riences traumatisantes et \u00e0 affronter la vie \u00e0 nouveau.<\/span><\/b><b><\/b><\/p><p style=\"text-align: justify;\"><b><span style=\"font-size: 12.0pt; line-height: 107%; font-family: 'Candara Light',sans-serif; color: black; mso-themecolor: text1;\">En dehors des m\u00e9thodes de traitement classiques comme <a href=\"https:\/\/www.psychotherapie-ckmeuschel.de\/fr\/verhaltenstherapie\/\">Th\u00e9rapie cognitivo-comportementale<\/a> et <a href=\"https:\/\/www.psychotherapie-ckmeuschel.de\/fr\/entspannungsverfahren\/\">l'entra\u00eenement \u00e0 la relaxation<\/a>des m\u00e9thodes th\u00e9rapeutiques plus cibl\u00e9es sur les TSPT comme <a href=\"https:\/\/www.psychotherapie-ckmeuschel.de\/fr\/emdr\/\">EMDR<\/a> et <a href=\"https:\/\/www.psychotherapie-ckmeuschel.de\/fr\/pitt\/\">PITT ou TPIT<\/a> zum Einsatz. Die Einzeltherapie kann erg\u00e4nzt werden durch eine stabilisierende <a href=\"https:\/\/www.psychotherapie-ckmeuschel.de\/fr\/gruppentherapie-psyrena\/\">Gruppentherapie<\/a>.<\/span><\/b><\/p><\/div>\n\t\t\t\t<\/div>\n\t\t\t\t<\/div>\n\t\t\t\t\t\t<\/div>\n\t\t\t\t\t<\/div>\n\t\t<\/div>\n\t\t\t\t\t\t\t\t<\/div>\n\t\t\t\t\t<\/div>\n\t\t<\/section>\n\t\t\t\t\t\t<\/div>\n\t\t\t\t\t\t<\/div>\n\t\t\t\t\t<\/div>","protected":false},"excerpt":{"rendered":"<p>Traumafolgest\u00f6rungen Traumafolgest\u00f6rungen k\u00f6nnen in Folge einschneidender Lebensereignisse (\u00dcberfall, Unfall, eine Vergewaltigung, schwere Erkrankung, Operation, Kindsverlust, Kriegserlebnis, Bedrohung, andauernde Vernachl\u00e4ssigung in der Kindheit etc.) auftreten.\u00a0 Man spricht auch von einfacher oder komplexer Posttraumatischer Belastungsst\u00f6rung (PTBS).\u00a0 Diese zeigt sich durch wiederkehrende pl\u00f6tzliche Erinnerungen (Flashbacks), Albtr\u00e4ume, andauernde Anspannung, Dissoziation und z.T. Vermeidungsverhalten. Auch k\u00f6nnen Versuche auftreten, die innere [&hellip;]<\/p>","protected":false},"author":1,"featured_media":0,"parent":0,"menu_order":0,"comment_status":"closed","ping_status":"closed","template":"","meta":[],"_links":{"self":[{"href":"https:\/\/www.psychotherapie-ckmeuschel.de\/fr\/wp-json\/wp\/v2\/pages\/171"}],"collection":[{"href":"https:\/\/www.psychotherapie-ckmeuschel.de\/fr\/wp-json\/wp\/v2\/pages"}],"about":[{"href":"https:\/\/www.psychotherapie-ckmeuschel.de\/fr\/wp-json\/wp\/v2\/types\/page"}],"author":[{"embeddable":true,"href":"https:\/\/www.psychotherapie-ckmeuschel.de\/fr\/wp-json\/wp\/v2\/users\/1"}],"replies":[{"embeddable":true,"href":"https:\/\/www.psychotherapie-ckmeuschel.de\/fr\/wp-json\/wp\/v2\/comments?post=171"}],"version-history":[{"count":28,"href":"https:\/\/www.psychotherapie-ckmeuschel.de\/fr\/wp-json\/wp\/v2\/pages\/171\/revisions"}],"predecessor-version":[{"id":1727,"href":"https:\/\/www.psychotherapie-ckmeuschel.de\/fr\/wp-json\/wp\/v2\/pages\/171\/revisions\/1727"}],"wp:attachment":[{"href":"https:\/\/www.psychotherapie-ckmeuschel.de\/fr\/wp-json\/wp\/v2\/media?parent=171"}],"curies":[{"name":"wp","href":"https:\/\/api.w.org\/{rel}","templated":true}]}}