{"id":174,"date":"2020-10-31T20:06:47","date_gmt":"2020-10-31T20:06:47","guid":{"rendered":"http:\/\/psychotherapie-ckmeuschel.de\/?page_id=174"},"modified":"2021-01-17T06:41:03","modified_gmt":"2021-01-17T06:41:03","slug":"zwangsstoerungen","status":"publish","type":"page","link":"https:\/\/www.psychotherapie-ckmeuschel.de\/fr\/zwangsstoerungen\/","title":{"rendered":"Zwangsst\u00f6rungen"},"content":{"rendered":"<div data-elementor-type=\"wp-page\" data-elementor-id=\"174\" class=\"elementor elementor-174\" data-elementor-settings=\"[]\">\n\t\t\t\t\t\t<div class=\"elementor-inner\">\n\t\t\t\t\t\t\t<div class=\"elementor-section-wrap\">\n\t\t\t\t\t\t\t<main class=\"elementor-section elementor-top-section elementor-element elementor-element-354645f elementor-section-content-middle custom-header elementor-section-boxed elementor-section-height-default elementor-section-height-default\" data-id=\"354645f\" data-element_type=\"section\" data-settings=\"{&quot;background_background&quot;:&quot;classic&quot;}\">\n\t\t\t\t\t\t\t<div class=\"elementor-background-overlay\"><\/div>\n\t\t\t\t\t\t\t<div class=\"elementor-container elementor-column-gap-wide\">\n\t\t\t\t\t\t\t<div class=\"elementor-row\">\n\t\t\t\t\t<div class=\"elementor-column elementor-col-100 elementor-top-column elementor-element elementor-element-43084e75 custom-header\" data-id=\"43084e75\" data-element_type=\"column\" data-settings=\"{&quot;background_background&quot;:&quot;classic&quot;}\">\n\t\t\t<div class=\"elementor-column-wrap elementor-element-populated\">\n\t\t\t\t\t\t\t<div class=\"elementor-widget-wrap\">\n\t\t\t\t\t\t<div class=\"elementor-element elementor-element-3be54803 custom-headline elementor-widget elementor-widget-heading\" data-id=\"3be54803\" data-element_type=\"widget\" data-widget_type=\"heading.default\">\n\t\t\t\t<div class=\"elementor-widget-container\">\n\t\t\t<h1 class=\"elementor-heading-title elementor-size-default\">Zwangsst\u00f6rungen<\/h1>\t\t<\/div>\n\t\t\t\t<\/div>\n\t\t\t\t\t\t<\/div>\n\t\t\t\t\t<\/div>\n\t\t<\/div>\n\t\t\t\t\t\t\t\t<\/div>\n\t\t\t\t\t<\/div>\n\t\t<\/main>\n\t\t\t\t<section class=\"elementor-section elementor-top-section elementor-element elementor-element-19bf16 standardtext elementor-section-boxed elementor-section-height-default elementor-section-height-default\" data-id=\"19bf16\" data-element_type=\"section\">\n\t\t\t\t\t\t<div class=\"elementor-container elementor-column-gap-default\">\n\t\t\t\t\t\t\t<div class=\"elementor-row\">\n\t\t\t\t\t<div class=\"elementor-column elementor-col-100 elementor-top-column elementor-element elementor-element-3ca48a90\" data-id=\"3ca48a90\" data-element_type=\"column\">\n\t\t\t<div class=\"elementor-column-wrap elementor-element-populated\">\n\t\t\t\t\t\t\t<div class=\"elementor-widget-wrap\">\n\t\t\t\t\t\t<div class=\"elementor-element elementor-element-7c274c0e elementor-widget elementor-widget-text-editor\" data-id=\"7c274c0e\" data-element_type=\"widget\" data-widget_type=\"text-editor.default\">\n\t\t\t\t<div class=\"elementor-widget-container\">\n\t\t\t\t\t<div class=\"elementor-text-editor elementor-clearfix\"><p>Von einer Zwangsst\u00f6rung spricht man, wenn sich ein Mensch gezwungen f\u00fchlt, bestimmte Aktionen des t\u00e4glichen Lebens immer wieder zu tun, ohne dass es einen wirklich sinnvollen Grund gibt. Hierzu geh\u00f6ren unter anderem Reinigungsrituale (z.B. so ausf\u00fchrliches H\u00e4ndewaschen, dass die Haut leidet, t\u00e4gliches, stundenlanges S\u00e4ubern, obwohl die Wohnung objektiv sauber ist) oder \u00fcberm\u00e4\u00dfige Kontrollen (z.B.. wird immer wieder gepr\u00fcft: &#8222;Ist die T\u00fcr wirklich geschlossen, der Backofen wirklich aus?&#8220;). Manchmal \u00e4u\u00dfert sich die Zwangsst\u00f6rung auch in gedanklicher Form.<\/p><p>Eine Zwangsst\u00f6rung liegt vor, wenn die Symptome ein so gro\u00dfes Ausma\u00df annehmen, dass sich der Betroffene im allt\u00e4glichen Leben (z.B. beim Haus verlassen, Schlafen gehen etc.) sehr eingeschr\u00e4nkt f\u00fchlt, oder gar wichtigen Dingen (z.B. Kinder abholen, arbeiten, Hobbies&#8230;) nicht mehr nachkommen kann.<\/p><p>Die <a href=\"https:\/\/www.psychotherapie-ckmeuschel.de\/fr\/verhaltenstherapie\/\">Th\u00e9rapie cognitivo-comportementale<\/a> kann Sie gut dabei unterst\u00fctzen, die Zwangshandlungen schrittweise in den Griff zu bekommen. Hilfreich sind auch <a href=\"https:\/\/www.psychotherapie-ckmeuschel.de\/fr\/achsamkeitstherapie\/\">Th\u00e9rapie de la pleine conscience<\/a> et <a href=\"https:\/\/www.psychotherapie-ckmeuschel.de\/fr\/entspannungsverfahren\/\">l'entra\u00eenement \u00e0 la relaxation<\/a>.<\/p><\/div>\n\t\t\t\t<\/div>\n\t\t\t\t<\/div>\n\t\t\t\t\t\t<\/div>\n\t\t\t\t\t<\/div>\n\t\t<\/div>\n\t\t\t\t\t\t\t\t<\/div>\n\t\t\t\t\t<\/div>\n\t\t<\/section>\n\t\t\t\t\t\t<\/div>\n\t\t\t\t\t\t<\/div>\n\t\t\t\t\t<\/div>","protected":false},"excerpt":{"rendered":"<p>Zwangsst\u00f6rungen Von einer Zwangsst\u00f6rung spricht man, wenn sich ein Mensch gezwungen f\u00fchlt, bestimmte Aktionen des t\u00e4glichen Lebens immer wieder zu tun, ohne dass es einen wirklich sinnvollen Grund gibt. Hierzu geh\u00f6ren unter anderem Reinigungsrituale (z.B. so ausf\u00fchrliches H\u00e4ndewaschen, dass die Haut leidet, t\u00e4gliches, stundenlanges S\u00e4ubern, obwohl die Wohnung objektiv sauber ist) oder \u00fcberm\u00e4\u00dfige Kontrollen (z.B.. [&hellip;]<\/p>","protected":false},"author":1,"featured_media":0,"parent":0,"menu_order":0,"comment_status":"closed","ping_status":"closed","template":"","meta":[],"_links":{"self":[{"href":"https:\/\/www.psychotherapie-ckmeuschel.de\/fr\/wp-json\/wp\/v2\/pages\/174"}],"collection":[{"href":"https:\/\/www.psychotherapie-ckmeuschel.de\/fr\/wp-json\/wp\/v2\/pages"}],"about":[{"href":"https:\/\/www.psychotherapie-ckmeuschel.de\/fr\/wp-json\/wp\/v2\/types\/page"}],"author":[{"embeddable":true,"href":"https:\/\/www.psychotherapie-ckmeuschel.de\/fr\/wp-json\/wp\/v2\/users\/1"}],"replies":[{"embeddable":true,"href":"https:\/\/www.psychotherapie-ckmeuschel.de\/fr\/wp-json\/wp\/v2\/comments?post=174"}],"version-history":[{"count":19,"href":"https:\/\/www.psychotherapie-ckmeuschel.de\/fr\/wp-json\/wp\/v2\/pages\/174\/revisions"}],"predecessor-version":[{"id":1625,"href":"https:\/\/www.psychotherapie-ckmeuschel.de\/fr\/wp-json\/wp\/v2\/pages\/174\/revisions\/1625"}],"wp:attachment":[{"href":"https:\/\/www.psychotherapie-ckmeuschel.de\/fr\/wp-json\/wp\/v2\/media?parent=174"}],"curies":[{"name":"wp","href":"https:\/\/api.w.org\/{rel}","templated":true}]}}