{"id":177,"date":"2020-10-31T20:07:24","date_gmt":"2020-10-31T20:07:24","guid":{"rendered":"http:\/\/psychotherapie-ckmeuschel.de\/?page_id=177"},"modified":"2021-03-14T06:37:50","modified_gmt":"2021-03-14T06:37:50","slug":"chronisches-schmerzsyndrom","status":"publish","type":"page","link":"https:\/\/www.psychotherapie-ckmeuschel.de\/fr\/chronisches-schmerzsyndrom\/","title":{"rendered":"Syndrome de douleur chronique"},"content":{"rendered":"<div data-elementor-type=\"wp-page\" data-elementor-id=\"177\" class=\"elementor elementor-177\" data-elementor-settings=\"[]\">\n\t\t\t\t\t\t<div class=\"elementor-inner\">\n\t\t\t\t\t\t\t<div class=\"elementor-section-wrap\">\n\t\t\t\t\t\t\t<main class=\"elementor-section elementor-top-section elementor-element elementor-element-73698698 elementor-section-content-middle custom-header elementor-section-boxed elementor-section-height-default elementor-section-height-default\" data-id=\"73698698\" data-element_type=\"section\" data-settings=\"{&quot;background_background&quot;:&quot;classic&quot;}\">\n\t\t\t\t\t\t\t<div class=\"elementor-background-overlay\"><\/div>\n\t\t\t\t\t\t\t<div class=\"elementor-container elementor-column-gap-wide\">\n\t\t\t\t\t\t\t<div class=\"elementor-row\">\n\t\t\t\t\t<div class=\"elementor-column elementor-col-100 elementor-top-column elementor-element elementor-element-5405e9d0 custom-header\" data-id=\"5405e9d0\" data-element_type=\"column\" data-settings=\"{&quot;background_background&quot;:&quot;classic&quot;}\">\n\t\t\t<div class=\"elementor-column-wrap elementor-element-populated\">\n\t\t\t\t\t\t\t<div class=\"elementor-widget-wrap\">\n\t\t\t\t\t\t<div class=\"elementor-element elementor-element-21350ccd custom-headline elementor-widget elementor-widget-heading\" data-id=\"21350ccd\" data-element_type=\"widget\" data-widget_type=\"heading.default\">\n\t\t\t\t<div class=\"elementor-widget-container\">\n\t\t\t<h1 class=\"elementor-heading-title elementor-size-default\">Syndrome de douleur chronique<\/h1>\t\t<\/div>\n\t\t\t\t<\/div>\n\t\t\t\t\t\t<\/div>\n\t\t\t\t\t<\/div>\n\t\t<\/div>\n\t\t\t\t\t\t\t\t<\/div>\n\t\t\t\t\t<\/div>\n\t\t<\/main>\n\t\t\t\t<section class=\"elementor-section elementor-top-section elementor-element elementor-element-31fccecb standardtext elementor-section-boxed elementor-section-height-default elementor-section-height-default\" data-id=\"31fccecb\" data-element_type=\"section\">\n\t\t\t\t\t\t<div class=\"elementor-container elementor-column-gap-default\">\n\t\t\t\t\t\t\t<div class=\"elementor-row\">\n\t\t\t\t\t<div class=\"elementor-column elementor-col-100 elementor-top-column elementor-element elementor-element-66901140\" data-id=\"66901140\" data-element_type=\"column\">\n\t\t\t<div class=\"elementor-column-wrap elementor-element-populated\">\n\t\t\t\t\t\t\t<div class=\"elementor-widget-wrap\">\n\t\t\t\t\t\t<div class=\"elementor-element elementor-element-50f95273 elementor-widget elementor-widget-text-editor\" data-id=\"50f95273\" data-element_type=\"widget\" data-widget_type=\"text-editor.default\">\n\t\t\t\t<div class=\"elementor-widget-container\">\n\t\t\t\t\t<div class=\"elementor-text-editor elementor-clearfix\"><p>La douleur est g\u00e9n\u00e9ralement un signal d'alarme indiquant que quelque chose ne va pas dans le corps. On parle de trouble de la douleur quand elle se produit de mani\u00e8re r\u00e9p\u00e9t\u00e9e et sans v\u00e9ritable cause physique, ou alors quand la douleur para\u00eet disproportionn\u00e9e par rapport \u00e0 sa cause corporelle.<\/p><p>A ce niveau, des facteurs psychologiques entrent en jeu, le cerveau jouant un r\u00f4le important dans la perception de la douleur. Le sentiment d'impuissance qui en r\u00e9sulte peut \u00eatre tr\u00e8s p\u00e9nible. Parfois, il y a aussi de la peur ou de la col\u00e8re.  Certaines personnes concern\u00e9ees ont tendance \u00e0 en faire trop (\"Il faut que \u00e7a aille!\"), d'autres d\u00e9veloppent des strat\u00e9gies d'\u00e9vitement (\"Je ne pr\u00e9f\u00e8re pas...!\"). Le but sera de trouver le juste milieu.<\/p><p>La psychoth\u00e9rapie vous aidera \u00e0 mieux g\u00e9rer les douleurs et \u00e0 pouvoir vivre avec. <a href=\"https:\/\/www.psychotherapie-ckmeuschel.de\/fr\/verhaltenstherapie\/\">Th\u00e9rapie cognitivo-comportementale<\/a>, <a href=\"https:\/\/www.psychotherapie-ckmeuschel.de\/wp-admin\/post.php?post=222&amp;action=elementor\">l'entra\u00eenement \u00e0 la pleine conscience<\/a> et <a href=\"https:\/\/www.psychotherapie-ckmeuschel.de\/wp-admin\/post.php?post=219&amp;action=elementor\">l'entra\u00eenement \u00e0 la relaxation<\/a> sont des approches th\u00e9rapeutiques efficaces. Dans certains cas, il peut s'av\u00e9rer utile de travailler sur un ou plusieurs traumatismes se trouvent \u00e0 l'origine des douleurs.<\/p><\/div>\n\t\t\t\t<\/div>\n\t\t\t\t<\/div>\n\t\t\t\t\t\t<\/div>\n\t\t\t\t\t<\/div>\n\t\t<\/div>\n\t\t\t\t\t\t\t\t<\/div>\n\t\t\t\t\t<\/div>\n\t\t<\/section>\n\t\t\t\t\t\t<\/div>\n\t\t\t\t\t\t<\/div>\n\t\t\t\t\t<\/div>","protected":false},"excerpt":{"rendered":"<p>Chronisches Schmerzsyndrom Schmerzen sind im Normalfall ein Warnsignal daf\u00fcr, dass etwas im K\u00f6rper \u201anicht stimmt\u2018. Man spricht von einer Schmerzst\u00f6rung, wenn die Schmerzen ohne eine wirkliche k\u00f6rperliche Ursache immer wieder auftreten oder wenn sie hinsichtlich der k\u00f6rperlichen Ursache, als viel zu stark erscheinen. Hier kommen psychologische Faktoren mit ins Spiel, da das Gehirn bei der [&hellip;]<\/p>","protected":false},"author":1,"featured_media":0,"parent":0,"menu_order":0,"comment_status":"closed","ping_status":"closed","template":"","meta":[],"_links":{"self":[{"href":"https:\/\/www.psychotherapie-ckmeuschel.de\/fr\/wp-json\/wp\/v2\/pages\/177"}],"collection":[{"href":"https:\/\/www.psychotherapie-ckmeuschel.de\/fr\/wp-json\/wp\/v2\/pages"}],"about":[{"href":"https:\/\/www.psychotherapie-ckmeuschel.de\/fr\/wp-json\/wp\/v2\/types\/page"}],"author":[{"embeddable":true,"href":"https:\/\/www.psychotherapie-ckmeuschel.de\/fr\/wp-json\/wp\/v2\/users\/1"}],"replies":[{"embeddable":true,"href":"https:\/\/www.psychotherapie-ckmeuschel.de\/fr\/wp-json\/wp\/v2\/comments?post=177"}],"version-history":[{"count":19,"href":"https:\/\/www.psychotherapie-ckmeuschel.de\/fr\/wp-json\/wp\/v2\/pages\/177\/revisions"}],"predecessor-version":[{"id":1665,"href":"https:\/\/www.psychotherapie-ckmeuschel.de\/fr\/wp-json\/wp\/v2\/pages\/177\/revisions\/1665"}],"wp:attachment":[{"href":"https:\/\/www.psychotherapie-ckmeuschel.de\/fr\/wp-json\/wp\/v2\/media?parent=177"}],"curies":[{"name":"wp","href":"https:\/\/api.w.org\/{rel}","templated":true}]}}