{"id":183,"date":"2020-10-31T20:08:23","date_gmt":"2020-10-31T20:08:23","guid":{"rendered":"http:\/\/psychotherapie-ckmeuschel.de\/?page_id=183"},"modified":"2020-12-06T16:55:55","modified_gmt":"2020-12-06T16:55:55","slug":"essstoerungen","status":"publish","type":"page","link":"https:\/\/www.psychotherapie-ckmeuschel.de\/fr\/essstoerungen\/","title":{"rendered":"Essst\u00f6rungen"},"content":{"rendered":"<div data-elementor-type=\"wp-page\" data-elementor-id=\"183\" class=\"elementor elementor-183\" data-elementor-settings=\"[]\">\n\t\t\t\t\t\t<div class=\"elementor-inner\">\n\t\t\t\t\t\t\t<div class=\"elementor-section-wrap\">\n\t\t\t\t\t\t\t<main class=\"elementor-section elementor-top-section elementor-element elementor-element-1fbd8638 elementor-section-content-middle custom-header elementor-section-boxed elementor-section-height-default elementor-section-height-default\" data-id=\"1fbd8638\" data-element_type=\"section\" data-settings=\"{&quot;background_background&quot;:&quot;classic&quot;}\">\n\t\t\t\t\t\t\t<div class=\"elementor-background-overlay\"><\/div>\n\t\t\t\t\t\t\t<div class=\"elementor-container elementor-column-gap-wide\">\n\t\t\t\t\t\t\t<div class=\"elementor-row\">\n\t\t\t\t\t<div class=\"elementor-column elementor-col-100 elementor-top-column elementor-element elementor-element-6c2ca38a custom-header\" data-id=\"6c2ca38a\" data-element_type=\"column\" data-settings=\"{&quot;background_background&quot;:&quot;classic&quot;}\">\n\t\t\t<div class=\"elementor-column-wrap elementor-element-populated\">\n\t\t\t\t\t\t\t<div class=\"elementor-widget-wrap\">\n\t\t\t\t\t\t<div class=\"elementor-element elementor-element-6c7874f3 custom-headline elementor-widget elementor-widget-heading\" data-id=\"6c7874f3\" data-element_type=\"widget\" data-widget_type=\"heading.default\">\n\t\t\t\t<div class=\"elementor-widget-container\">\n\t\t\t<h1 class=\"elementor-heading-title elementor-size-default\">Essst\u00f6rungen<\/h1>\t\t<\/div>\n\t\t\t\t<\/div>\n\t\t\t\t\t\t<\/div>\n\t\t\t\t\t<\/div>\n\t\t<\/div>\n\t\t\t\t\t\t\t\t<\/div>\n\t\t\t\t\t<\/div>\n\t\t<\/main>\n\t\t\t\t<section class=\"elementor-section elementor-top-section elementor-element elementor-element-60e8ff6d standardtext elementor-section-boxed elementor-section-height-default elementor-section-height-default\" data-id=\"60e8ff6d\" data-element_type=\"section\">\n\t\t\t\t\t\t<div class=\"elementor-container elementor-column-gap-default\">\n\t\t\t\t\t\t\t<div class=\"elementor-row\">\n\t\t\t\t\t<div class=\"elementor-column elementor-col-100 elementor-top-column elementor-element elementor-element-aa7222d\" data-id=\"aa7222d\" data-element_type=\"column\">\n\t\t\t<div class=\"elementor-column-wrap elementor-element-populated\">\n\t\t\t\t\t\t\t<div class=\"elementor-widget-wrap\">\n\t\t\t\t\t\t<div class=\"elementor-element elementor-element-3be09a6e elementor-widget elementor-widget-text-editor\" data-id=\"3be09a6e\" data-element_type=\"widget\" data-widget_type=\"text-editor.default\">\n\t\t\t\t<div class=\"elementor-widget-container\">\n\t\t\t\t\t<div class=\"elementor-text-editor elementor-clearfix\"><p>Eine Essst\u00f6rung \u00e4u\u00dfert sich dadurch, dass dauerhaft zu viel (Bulimie, Binge Eating St\u00f6rung) oder zu wenig (Magersucht) gegessen wird. Bei der Bulimie erfolgen zudem Ma\u00dfnahmen, die Nahrung wieder los zu werden (meist Erbrechen, Missbrauch von Abf\u00fchrmitteln, exzessiver Sport). Es treten K\u00f6rperschemast\u00f6rungen auf, d.h. der K\u00f6rper wird als zu dick wahrgenommen, obwohl vielleicht schon Untergewicht besteht. In der Psychotherapie lernen Sie, Ihren K\u00f6rper wieder anzunehmen und das Essverhalten zu regulieren.<\/p><p>Als besonders hilfreich erweisen sich hier Verhaltenstherapie zur Normalisierung des Essverhaltens und der K\u00f6rperwahrnehmung sowie Methoden zur Verbesserung des Selbstwertgef\u00fchl.<\/p><\/div>\n\t\t\t\t<\/div>\n\t\t\t\t<\/div>\n\t\t\t\t\t\t<\/div>\n\t\t\t\t\t<\/div>\n\t\t<\/div>\n\t\t\t\t\t\t\t\t<\/div>\n\t\t\t\t\t<\/div>\n\t\t<\/section>\n\t\t\t\t\t\t<\/div>\n\t\t\t\t\t\t<\/div>\n\t\t\t\t\t<\/div>","protected":false},"excerpt":{"rendered":"<p>Essst\u00f6rungen Eine Essst\u00f6rung \u00e4u\u00dfert sich dadurch, dass dauerhaft zu viel (Bulimie, Binge Eating St\u00f6rung) oder zu wenig (Magersucht) gegessen wird. Bei der Bulimie erfolgen zudem Ma\u00dfnahmen, die Nahrung wieder los zu werden (meist Erbrechen, Missbrauch von Abf\u00fchrmitteln, exzessiver Sport). Es treten K\u00f6rperschemast\u00f6rungen auf, d.h. der K\u00f6rper wird als zu dick wahrgenommen, obwohl vielleicht schon Untergewicht [&hellip;]<\/p>","protected":false},"author":1,"featured_media":0,"parent":0,"menu_order":0,"comment_status":"closed","ping_status":"closed","template":"","meta":[],"_links":{"self":[{"href":"https:\/\/www.psychotherapie-ckmeuschel.de\/fr\/wp-json\/wp\/v2\/pages\/183"}],"collection":[{"href":"https:\/\/www.psychotherapie-ckmeuschel.de\/fr\/wp-json\/wp\/v2\/pages"}],"about":[{"href":"https:\/\/www.psychotherapie-ckmeuschel.de\/fr\/wp-json\/wp\/v2\/types\/page"}],"author":[{"embeddable":true,"href":"https:\/\/www.psychotherapie-ckmeuschel.de\/fr\/wp-json\/wp\/v2\/users\/1"}],"replies":[{"embeddable":true,"href":"https:\/\/www.psychotherapie-ckmeuschel.de\/fr\/wp-json\/wp\/v2\/comments?post=183"}],"version-history":[{"count":8,"href":"https:\/\/www.psychotherapie-ckmeuschel.de\/fr\/wp-json\/wp\/v2\/pages\/183\/revisions"}],"predecessor-version":[{"id":1107,"href":"https:\/\/www.psychotherapie-ckmeuschel.de\/fr\/wp-json\/wp\/v2\/pages\/183\/revisions\/1107"}],"wp:attachment":[{"href":"https:\/\/www.psychotherapie-ckmeuschel.de\/fr\/wp-json\/wp\/v2\/media?parent=183"}],"curies":[{"name":"wp","href":"https:\/\/api.w.org\/{rel}","templated":true}]}}