{"id":186,"date":"2020-10-31T20:09:01","date_gmt":"2020-10-31T20:09:01","guid":{"rendered":"http:\/\/psychotherapie-ckmeuschel.de\/?page_id=186"},"modified":"2020-12-06T17:00:42","modified_gmt":"2020-12-06T17:00:42","slug":"psychische-belastung-bei-koerperlicher-krankheit","status":"publish","type":"page","link":"https:\/\/www.psychotherapie-ckmeuschel.de\/fr\/psychische-belastung-bei-koerperlicher-krankheit\/","title":{"rendered":"Psychische Belastung bei k\u00f6rperlicher Krankheit"},"content":{"rendered":"<div data-elementor-type=\"wp-page\" data-elementor-id=\"186\" class=\"elementor elementor-186\" data-elementor-settings=\"[]\">\n\t\t\t\t\t\t<div class=\"elementor-inner\">\n\t\t\t\t\t\t\t<div class=\"elementor-section-wrap\">\n\t\t\t\t\t\t\t<main class=\"elementor-section elementor-top-section elementor-element elementor-element-1141cd13 elementor-section-content-middle custom-header elementor-section-boxed elementor-section-height-default elementor-section-height-default\" data-id=\"1141cd13\" data-element_type=\"section\" data-settings=\"{&quot;background_background&quot;:&quot;classic&quot;}\">\n\t\t\t\t\t\t\t<div class=\"elementor-background-overlay\"><\/div>\n\t\t\t\t\t\t\t<div class=\"elementor-container elementor-column-gap-wide\">\n\t\t\t\t\t\t\t<div class=\"elementor-row\">\n\t\t\t\t\t<div class=\"elementor-column elementor-col-100 elementor-top-column elementor-element elementor-element-5ef6c6a3 custom-header\" data-id=\"5ef6c6a3\" data-element_type=\"column\" data-settings=\"{&quot;background_background&quot;:&quot;classic&quot;}\">\n\t\t\t<div class=\"elementor-column-wrap elementor-element-populated\">\n\t\t\t\t\t\t\t<div class=\"elementor-widget-wrap\">\n\t\t\t\t\t\t<div class=\"elementor-element elementor-element-56ae4897 custom-headline elementor-widget elementor-widget-heading\" data-id=\"56ae4897\" data-element_type=\"widget\" data-widget_type=\"heading.default\">\n\t\t\t\t<div class=\"elementor-widget-container\">\n\t\t\t<h1 class=\"elementor-heading-title elementor-size-default\">Psychische Belastung bei k\u00f6rperlicher Krankheit<\/h1>\t\t<\/div>\n\t\t\t\t<\/div>\n\t\t\t\t\t\t<\/div>\n\t\t\t\t\t<\/div>\n\t\t<\/div>\n\t\t\t\t\t\t\t\t<\/div>\n\t\t\t\t\t<\/div>\n\t\t<\/main>\n\t\t\t\t<section class=\"elementor-section elementor-top-section elementor-element elementor-element-15c89ac5 standardtext elementor-section-boxed elementor-section-height-default elementor-section-height-default\" data-id=\"15c89ac5\" data-element_type=\"section\">\n\t\t\t\t\t\t<div class=\"elementor-container elementor-column-gap-default\">\n\t\t\t\t\t\t\t<div class=\"elementor-row\">\n\t\t\t\t\t<div class=\"elementor-column elementor-col-100 elementor-top-column elementor-element elementor-element-53083a79\" data-id=\"53083a79\" data-element_type=\"column\">\n\t\t\t<div class=\"elementor-column-wrap elementor-element-populated\">\n\t\t\t\t\t\t\t<div class=\"elementor-widget-wrap\">\n\t\t\t\t\t\t<div class=\"elementor-element elementor-element-547b0ce2 elementor-widget elementor-widget-text-editor\" data-id=\"547b0ce2\" data-element_type=\"widget\" data-widget_type=\"text-editor.default\">\n\t\t\t\t<div class=\"elementor-widget-container\">\n\t\t\t\t\t<div class=\"elementor-text-editor elementor-clearfix\"><p>Die Diagnose einer andauernden k\u00f6rperlichen Erkrankung (z.B. Multiple Sklerose, Sarkoidose, Lupus, Psoriasis, Diabetes, Morbus Crohn) ist meist eine gro\u00dfe Belastung. Psychotherapie kann Ihnen dabei helfen, die Krankheit f\u00fcr sich besser \u00fcberschaubar und tragbar zu machen.<\/p><p>Mit der Verhaltenstherapie k\u00f6nnen Techniken zur Bew\u00e4ltigung erlernt werden, z. B. im Umgang mit negativen Gedanken oder ung\u00fcnstigen Reaktionsmustern. Hilfreich ist hier auch die Verbesserung Ihrer Ressourcen, um wieder Kraft und Lebensfreude zu erlangen.<\/p><\/div>\n\t\t\t\t<\/div>\n\t\t\t\t<\/div>\n\t\t\t\t\t\t<\/div>\n\t\t\t\t\t<\/div>\n\t\t<\/div>\n\t\t\t\t\t\t\t\t<\/div>\n\t\t\t\t\t<\/div>\n\t\t<\/section>\n\t\t\t\t\t\t<\/div>\n\t\t\t\t\t\t<\/div>\n\t\t\t\t\t<\/div>","protected":false},"excerpt":{"rendered":"<p>Psychische Belastung bei k\u00f6rperlicher Krankheit Die Diagnose einer andauernden k\u00f6rperlichen Erkrankung (z.B. Multiple Sklerose, Sarkoidose, Lupus, Psoriasis, Diabetes, Morbus Crohn) ist meist eine gro\u00dfe Belastung. Psychotherapie kann Ihnen dabei helfen, die Krankheit f\u00fcr sich besser \u00fcberschaubar und tragbar zu machen. Mit der Verhaltenstherapie k\u00f6nnen Techniken zur Bew\u00e4ltigung erlernt werden, z. B. im Umgang mit negativen [&hellip;]<\/p>","protected":false},"author":1,"featured_media":0,"parent":0,"menu_order":0,"comment_status":"closed","ping_status":"closed","template":"","meta":[],"_links":{"self":[{"href":"https:\/\/www.psychotherapie-ckmeuschel.de\/fr\/wp-json\/wp\/v2\/pages\/186"}],"collection":[{"href":"https:\/\/www.psychotherapie-ckmeuschel.de\/fr\/wp-json\/wp\/v2\/pages"}],"about":[{"href":"https:\/\/www.psychotherapie-ckmeuschel.de\/fr\/wp-json\/wp\/v2\/types\/page"}],"author":[{"embeddable":true,"href":"https:\/\/www.psychotherapie-ckmeuschel.de\/fr\/wp-json\/wp\/v2\/users\/1"}],"replies":[{"embeddable":true,"href":"https:\/\/www.psychotherapie-ckmeuschel.de\/fr\/wp-json\/wp\/v2\/comments?post=186"}],"version-history":[{"count":7,"href":"https:\/\/www.psychotherapie-ckmeuschel.de\/fr\/wp-json\/wp\/v2\/pages\/186\/revisions"}],"predecessor-version":[{"id":1100,"href":"https:\/\/www.psychotherapie-ckmeuschel.de\/fr\/wp-json\/wp\/v2\/pages\/186\/revisions\/1100"}],"wp:attachment":[{"href":"https:\/\/www.psychotherapie-ckmeuschel.de\/fr\/wp-json\/wp\/v2\/media?parent=186"}],"curies":[{"name":"wp","href":"https:\/\/api.w.org\/{rel}","templated":true}]}}