{"id":189,"date":"2020-10-31T20:09:37","date_gmt":"2020-10-31T20:09:37","guid":{"rendered":"http:\/\/psychotherapie-ckmeuschel.de\/?page_id=189"},"modified":"2021-04-03T07:40:57","modified_gmt":"2021-04-03T07:40:57","slug":"belastung-bei-mobbing","status":"publish","type":"page","link":"https:\/\/www.psychotherapie-ckmeuschel.de\/fr\/belastung-bei-mobbing\/","title":{"rendered":"D\u00e9tresse psychologique due au harc\u00e8lement moral"},"content":{"rendered":"<div data-elementor-type=\"wp-page\" data-elementor-id=\"189\" class=\"elementor elementor-189\" data-elementor-settings=\"[]\">\n\t\t\t\t\t\t<div class=\"elementor-inner\">\n\t\t\t\t\t\t\t<div class=\"elementor-section-wrap\">\n\t\t\t\t\t\t\t<main class=\"elementor-section elementor-top-section elementor-element elementor-element-6ac18dc5 elementor-section-content-middle custom-header elementor-section-boxed elementor-section-height-default elementor-section-height-default\" data-id=\"6ac18dc5\" data-element_type=\"section\" data-settings=\"{&quot;background_background&quot;:&quot;classic&quot;}\">\n\t\t\t\t\t\t\t<div class=\"elementor-background-overlay\"><\/div>\n\t\t\t\t\t\t\t<div class=\"elementor-container elementor-column-gap-wide\">\n\t\t\t\t\t\t\t<div class=\"elementor-row\">\n\t\t\t\t\t<div class=\"elementor-column elementor-col-100 elementor-top-column elementor-element elementor-element-3d067103 custom-header\" data-id=\"3d067103\" data-element_type=\"column\" data-settings=\"{&quot;background_background&quot;:&quot;classic&quot;}\">\n\t\t\t<div class=\"elementor-column-wrap elementor-element-populated\">\n\t\t\t\t\t\t\t<div class=\"elementor-widget-wrap\">\n\t\t\t\t\t\t<div class=\"elementor-element elementor-element-4a10f6a9 custom-headline elementor-widget elementor-widget-heading\" data-id=\"4a10f6a9\" data-element_type=\"widget\" data-widget_type=\"heading.default\">\n\t\t\t\t<div class=\"elementor-widget-container\">\n\t\t\t<h1 class=\"elementor-heading-title elementor-size-default\">D\u00e9tresse psychologique due au harc\u00e8lement moral<\/h1>\t\t<\/div>\n\t\t\t\t<\/div>\n\t\t\t\t\t\t<\/div>\n\t\t\t\t\t<\/div>\n\t\t<\/div>\n\t\t\t\t\t\t\t\t<\/div>\n\t\t\t\t\t<\/div>\n\t\t<\/main>\n\t\t\t\t<section class=\"elementor-section elementor-top-section elementor-element elementor-element-350dc365 standardtext elementor-section-boxed elementor-section-height-default elementor-section-height-default\" data-id=\"350dc365\" data-element_type=\"section\">\n\t\t\t\t\t\t<div class=\"elementor-container elementor-column-gap-default\">\n\t\t\t\t\t\t\t<div class=\"elementor-row\">\n\t\t\t\t\t<div class=\"elementor-column elementor-col-100 elementor-top-column elementor-element elementor-element-2246a3b0\" data-id=\"2246a3b0\" data-element_type=\"column\">\n\t\t\t<div class=\"elementor-column-wrap elementor-element-populated\">\n\t\t\t\t\t\t\t<div class=\"elementor-widget-wrap\">\n\t\t\t\t\t\t<div class=\"elementor-element elementor-element-3b263946 elementor-widget elementor-widget-text-editor\" data-id=\"3b263946\" data-element_type=\"widget\" data-widget_type=\"text-editor.default\">\n\t\t\t\t<div class=\"elementor-widget-container\">\n\t\t\t\t\t<div class=\"elementor-text-editor elementor-clearfix\"><p>Le harc\u00e8lement moral se manifeste par des actions systematiques ayant pour but l'oppression, la d\u00e9valorisation et l'exclusion de la victime. Fr\u00e9quemment, le harc\u00e8lement (mobbing ou bossing dans le cas o\u00f9 le harceleur est un sup\u00e9rieur hi\u00e9rarchique) s'op\u00e8re sur le lieu de travail. Il arrive \u00e9galement, que le harc\u00e8lement se passe \u00e0 la maison, par exemple au sein d'une relation de couple. Les conflits et attaques \u00e0 r\u00e9p\u00e9tition prennent alors une place importante dans la vie de la victime.\u00a0<\/p><p>Le mobbing n'est pas une maladie psychique en soi, mais les suites du mobbing peuvent r\u00e9ellement rendre malade. Les personnes concern\u00e9es \u00e9voquent g\u00e9n\u00e9ralement des  moments de peur voire de panique, une importante fixation sur le probl\u00e8me ainsi que de la d\u00e9tresse morale.<\/p><p>La psychoth\u00e9rapie peut vous aider \u00e0 mieux vous prot\u00e9ger, \u00e0 vous d\u00e9marquer et \u00e0 vous affirmer. Parfois, il est in\u00e9vitable de changer d'emploi ou d'entamer un proc\u00e8s juridique. En tant que th\u00e9rapeute, je vous accompagne tout au long du processus et lor des prises de d\u00e9cision. Les se\u00e1nces sont aussi un lieu o\u00f9 vous pouvez pr\u00e9parer des discussions conflictuelles et renforcer votre estime de soi. Les m\u00e9thodes th\u00e9rapeutiques les plus efficaces sont <a href=\"https:\/\/www.psychotherapie-ckmeuschel.de\/fr\/verhaltenstherapie\/\">Th\u00e9rapie cognitivo-comportementale<\/a>, <a href=\"https:\/\/www.psychotherapie-ckmeuschel.de\/fr\/entspannungsverfahren\/\">l'entra\u00eenement \u00e0 la relaxation<\/a> et <a href=\"https:\/\/www.psychotherapie-ckmeuschel.de\/fr\/achsamkeitstherapie\/\">l'entra\u00eenement \u00e0 la pleine conscience<\/a>.<\/p><\/div>\n\t\t\t\t<\/div>\n\t\t\t\t<\/div>\n\t\t\t\t\t\t<\/div>\n\t\t\t\t\t<\/div>\n\t\t<\/div>\n\t\t\t\t\t\t\t\t<\/div>\n\t\t\t\t\t<\/div>\n\t\t<\/section>\n\t\t\t\t\t\t<\/div>\n\t\t\t\t\t\t<\/div>\n\t\t\t\t\t<\/div>","protected":false},"excerpt":{"rendered":"<p>Belastung bei Mobbing Mobbing wird verstanden als als ein systematisches Schikanieren mit dem Ziel der Unterdr\u00fcckung, Abwertung und Ausgrenzung des Gemobbten. Meist findet Mobbing oder Bossing (Mobbing durch einen Vorgesetzten) am Arbeitsplatz statt. Da die\u00a0 Arbeit oft ein wichtiger Bestandteil des Lebens ist, kann es unertr\u00e4glich werden, wenn dort immer wieder Konflikte mit Vorgesetzen oder [&hellip;]<\/p>","protected":false},"author":1,"featured_media":0,"parent":0,"menu_order":0,"comment_status":"closed","ping_status":"closed","template":"","meta":[],"_links":{"self":[{"href":"https:\/\/www.psychotherapie-ckmeuschel.de\/fr\/wp-json\/wp\/v2\/pages\/189"}],"collection":[{"href":"https:\/\/www.psychotherapie-ckmeuschel.de\/fr\/wp-json\/wp\/v2\/pages"}],"about":[{"href":"https:\/\/www.psychotherapie-ckmeuschel.de\/fr\/wp-json\/wp\/v2\/types\/page"}],"author":[{"embeddable":true,"href":"https:\/\/www.psychotherapie-ckmeuschel.de\/fr\/wp-json\/wp\/v2\/users\/1"}],"replies":[{"embeddable":true,"href":"https:\/\/www.psychotherapie-ckmeuschel.de\/fr\/wp-json\/wp\/v2\/comments?post=189"}],"version-history":[{"count":25,"href":"https:\/\/www.psychotherapie-ckmeuschel.de\/fr\/wp-json\/wp\/v2\/pages\/189\/revisions"}],"predecessor-version":[{"id":1679,"href":"https:\/\/www.psychotherapie-ckmeuschel.de\/fr\/wp-json\/wp\/v2\/pages\/189\/revisions\/1679"}],"wp:attachment":[{"href":"https:\/\/www.psychotherapie-ckmeuschel.de\/fr\/wp-json\/wp\/v2\/media?parent=189"}],"curies":[{"name":"wp","href":"https:\/\/api.w.org\/{rel}","templated":true}]}}