{"id":192,"date":"2020-10-31T20:10:06","date_gmt":"2020-10-31T20:10:06","guid":{"rendered":"http:\/\/psychotherapie-ckmeuschel.de\/?page_id=192"},"modified":"2020-12-28T06:37:02","modified_gmt":"2020-12-28T06:37:02","slug":"belastung-bei-burn-out","status":"publish","type":"page","link":"https:\/\/www.psychotherapie-ckmeuschel.de\/fr\/belastung-bei-burn-out\/","title":{"rendered":"Belastung bei Burn-Out"},"content":{"rendered":"<div data-elementor-type=\"wp-page\" data-elementor-id=\"192\" class=\"elementor elementor-192\" data-elementor-settings=\"[]\">\n\t\t\t\t\t\t<div class=\"elementor-inner\">\n\t\t\t\t\t\t\t<div class=\"elementor-section-wrap\">\n\t\t\t\t\t\t\t<main class=\"elementor-section elementor-top-section elementor-element elementor-element-71ce4bc5 elementor-section-content-middle custom-header elementor-section-boxed elementor-section-height-default elementor-section-height-default\" data-id=\"71ce4bc5\" data-element_type=\"section\" data-settings=\"{&quot;background_background&quot;:&quot;classic&quot;}\">\n\t\t\t\t\t\t\t<div class=\"elementor-background-overlay\"><\/div>\n\t\t\t\t\t\t\t<div class=\"elementor-container elementor-column-gap-wide\">\n\t\t\t\t\t\t\t<div class=\"elementor-row\">\n\t\t\t\t\t<div class=\"elementor-column elementor-col-100 elementor-top-column elementor-element elementor-element-29683d39 custom-header\" data-id=\"29683d39\" data-element_type=\"column\" data-settings=\"{&quot;background_background&quot;:&quot;classic&quot;}\">\n\t\t\t<div class=\"elementor-column-wrap elementor-element-populated\">\n\t\t\t\t\t\t\t<div class=\"elementor-widget-wrap\">\n\t\t\t\t\t\t<div class=\"elementor-element elementor-element-e882bce custom-headline elementor-widget elementor-widget-heading\" data-id=\"e882bce\" data-element_type=\"widget\" data-widget_type=\"heading.default\">\n\t\t\t\t<div class=\"elementor-widget-container\">\n\t\t\t<h1 class=\"elementor-heading-title elementor-size-default\">Belastung bei Burn-Out<\/h1>\t\t<\/div>\n\t\t\t\t<\/div>\n\t\t\t\t\t\t<\/div>\n\t\t\t\t\t<\/div>\n\t\t<\/div>\n\t\t\t\t\t\t\t\t<\/div>\n\t\t\t\t\t<\/div>\n\t\t<\/main>\n\t\t\t\t<section class=\"elementor-section elementor-top-section elementor-element elementor-element-73181d7 standardtext elementor-section-boxed elementor-section-height-default elementor-section-height-default\" data-id=\"73181d7\" data-element_type=\"section\">\n\t\t\t\t\t\t<div class=\"elementor-container elementor-column-gap-default\">\n\t\t\t\t\t\t\t<div class=\"elementor-row\">\n\t\t\t\t\t<div class=\"elementor-column elementor-col-100 elementor-top-column elementor-element elementor-element-2c43248c\" data-id=\"2c43248c\" data-element_type=\"column\">\n\t\t\t<div class=\"elementor-column-wrap elementor-element-populated\">\n\t\t\t\t\t\t\t<div class=\"elementor-widget-wrap\">\n\t\t\t\t\t\t<div class=\"elementor-element elementor-element-16db6895 elementor-widget elementor-widget-text-editor\" data-id=\"16db6895\" data-element_type=\"widget\" data-widget_type=\"text-editor.default\">\n\t\t\t\t<div class=\"elementor-widget-container\">\n\t\t\t\t\t<div class=\"elementor-text-editor elementor-clearfix\"><p>Von Burn-Out spricht man, wenn die Arbeitsbelastung so sehr \u00fcberhandnimmt, dass Stresssymptome (z.B. Schlaflosigkeit, Gr\u00fcbeln, Herzrasen\u2026) geh\u00e4uft auftreten.\u00a0 Meist trifft dies sehr engagierte Menschen, denen es schwer f\u00e4llt, zu delegieren oder \u201aNein\u2018 zu sagen. Auch findet sich eine Neigung, alles perfekt machen zu wollen, bzw. eine ausgepr\u00e4gte Angst vor Fehlern.\u00a0<\/p><p>Die Psychotherapie hilft Ihnen dabei, Abstand zu gewinnen, \u00dcberfl\u00fcssiges loszulassen, und vor allem Ihre Position zu behaupten und besser f\u00fcr sich zu sorgen.<\/p><\/div>\n\t\t\t\t<\/div>\n\t\t\t\t<\/div>\n\t\t\t\t\t\t<\/div>\n\t\t\t\t\t<\/div>\n\t\t<\/div>\n\t\t\t\t\t\t\t\t<\/div>\n\t\t\t\t\t<\/div>\n\t\t<\/section>\n\t\t\t\t\t\t<\/div>\n\t\t\t\t\t\t<\/div>\n\t\t\t\t\t<\/div>","protected":false},"excerpt":{"rendered":"<p>Belastung bei Burn-Out Von Burn-Out spricht man, wenn die Arbeitsbelastung so sehr \u00fcberhandnimmt, dass Stresssymptome (z.B. Schlaflosigkeit, Gr\u00fcbeln, Herzrasen\u2026) geh\u00e4uft auftreten.\u00a0 Meist trifft dies sehr engagierte Menschen, denen es schwer f\u00e4llt, zu delegieren oder \u201aNein\u2018 zu sagen. Auch findet sich eine Neigung, alles perfekt machen zu wollen, bzw. eine ausgepr\u00e4gte Angst vor Fehlern.\u00a0 Die Psychotherapie [&hellip;]<\/p>","protected":false},"author":1,"featured_media":0,"parent":0,"menu_order":0,"comment_status":"closed","ping_status":"closed","template":"","meta":[],"_links":{"self":[{"href":"https:\/\/www.psychotherapie-ckmeuschel.de\/fr\/wp-json\/wp\/v2\/pages\/192"}],"collection":[{"href":"https:\/\/www.psychotherapie-ckmeuschel.de\/fr\/wp-json\/wp\/v2\/pages"}],"about":[{"href":"https:\/\/www.psychotherapie-ckmeuschel.de\/fr\/wp-json\/wp\/v2\/types\/page"}],"author":[{"embeddable":true,"href":"https:\/\/www.psychotherapie-ckmeuschel.de\/fr\/wp-json\/wp\/v2\/users\/1"}],"replies":[{"embeddable":true,"href":"https:\/\/www.psychotherapie-ckmeuschel.de\/fr\/wp-json\/wp\/v2\/comments?post=192"}],"version-history":[{"count":16,"href":"https:\/\/www.psychotherapie-ckmeuschel.de\/fr\/wp-json\/wp\/v2\/pages\/192\/revisions"}],"predecessor-version":[{"id":1453,"href":"https:\/\/www.psychotherapie-ckmeuschel.de\/fr\/wp-json\/wp\/v2\/pages\/192\/revisions\/1453"}],"wp:attachment":[{"href":"https:\/\/www.psychotherapie-ckmeuschel.de\/fr\/wp-json\/wp\/v2\/media?parent=192"}],"curies":[{"name":"wp","href":"https:\/\/api.w.org\/{rel}","templated":true}]}}