{"id":213,"date":"2020-10-31T20:14:36","date_gmt":"2020-10-31T20:14:36","guid":{"rendered":"http:\/\/psychotherapie-ckmeuschel.de\/?page_id=213"},"modified":"2020-12-21T18:57:25","modified_gmt":"2020-12-21T18:57:25","slug":"emdr","status":"publish","type":"page","link":"https:\/\/www.psychotherapie-ckmeuschel.de\/fr\/emdr\/","title":{"rendered":"EMDR"},"content":{"rendered":"<div data-elementor-type=\"wp-page\" data-elementor-id=\"213\" class=\"elementor elementor-213\" data-elementor-settings=\"[]\">\n\t\t\t\t\t\t<div class=\"elementor-inner\">\n\t\t\t\t\t\t\t<div class=\"elementor-section-wrap\">\n\t\t\t\t\t\t\t<main class=\"elementor-section elementor-top-section elementor-element elementor-element-5fb5c494 elementor-section-content-middle custom-header elementor-section-boxed elementor-section-height-default elementor-section-height-default\" data-id=\"5fb5c494\" data-element_type=\"section\" data-settings=\"{&quot;background_background&quot;:&quot;classic&quot;}\">\n\t\t\t\t\t\t\t<div class=\"elementor-background-overlay\"><\/div>\n\t\t\t\t\t\t\t<div class=\"elementor-container elementor-column-gap-wide\">\n\t\t\t\t\t\t\t<div class=\"elementor-row\">\n\t\t\t\t\t<div class=\"elementor-column elementor-col-100 elementor-top-column elementor-element elementor-element-14e2429b custom-header\" data-id=\"14e2429b\" data-element_type=\"column\" data-settings=\"{&quot;background_background&quot;:&quot;classic&quot;}\">\n\t\t\t<div class=\"elementor-column-wrap elementor-element-populated\">\n\t\t\t\t\t\t\t<div class=\"elementor-widget-wrap\">\n\t\t\t\t\t\t<div class=\"elementor-element elementor-element-77a7bb23 custom-headline elementor-widget elementor-widget-heading\" data-id=\"77a7bb23\" data-element_type=\"widget\" data-widget_type=\"heading.default\">\n\t\t\t\t<div class=\"elementor-widget-container\">\n\t\t\t<h1 class=\"elementor-heading-title elementor-size-default\">EMDR<\/h1>\t\t<\/div>\n\t\t\t\t<\/div>\n\t\t\t\t\t\t<\/div>\n\t\t\t\t\t<\/div>\n\t\t<\/div>\n\t\t\t\t\t\t\t\t<\/div>\n\t\t\t\t\t<\/div>\n\t\t<\/main>\n\t\t\t\t<section class=\"elementor-section elementor-top-section elementor-element elementor-element-71c0a5b0 standardtext elementor-section-boxed elementor-section-height-default elementor-section-height-default\" data-id=\"71c0a5b0\" data-element_type=\"section\">\n\t\t\t\t\t\t<div class=\"elementor-container elementor-column-gap-default\">\n\t\t\t\t\t\t\t<div class=\"elementor-row\">\n\t\t\t\t\t<div class=\"elementor-column elementor-col-100 elementor-top-column elementor-element elementor-element-3cac7ab\" data-id=\"3cac7ab\" data-element_type=\"column\">\n\t\t\t<div class=\"elementor-column-wrap elementor-element-populated\">\n\t\t\t\t\t\t\t<div class=\"elementor-widget-wrap\">\n\t\t\t\t\t\t<div class=\"elementor-element elementor-element-3176fd0c elementor-widget elementor-widget-text-editor\" data-id=\"3176fd0c\" data-element_type=\"widget\" data-widget_type=\"text-editor.default\">\n\t\t\t\t<div class=\"elementor-widget-container\">\n\t\t\t\t\t<div class=\"elementor-text-editor elementor-clearfix\"><p>Eye Mouvement Desentizisation and Reprocessing ist eine wirksame Methode, die von der WHO und den Krankenkassen anerkannt ist. Hierbei wird bilaterale (beidseitige) Stimulation genutzt, um belastende Erinnerungen und schwierige Gef\u00fchle zu bearbeiten. Diese wird \u00fcber Augenbewegungen durchgef\u00fchrt, wobei der Therapeut seine Finger vor Ihren Augen bewegt. Alternativ kann sie auch durch Ber\u00fchrungen (\u201aTaping\u2018 durch den Therapeuten) oder den\u00a0 \u201aButterfly Hug\u2018, also \u201aSchmetterlingsurmarmung\u2018 durch Sie selbst) induziert wird. Im Rahmen eines festgelegten Ablaufprotokolles werden wird der Heilungsprozess gef\u00f6rdert: Patienten finden kreative L\u00f6sungen, es wird Distanz zu belastenden zu den Belastungen geschaffen. Auch k\u00f6nnen Ressourcen mobilisiert und eine positive Zukunftsvision aufgebaut werden.<\/p><p>EMDR wurde urspr\u00fcnglich f\u00fcr die Traumatherapie konzipiert, wird aber mittlerweile zur Behandlung vieler anderer psychischer Beschwerden (Angstst\u00f6rung, Depression&#8230;) genutzt. N\u00e4here Informationen finden Sie auf der Seite\u00a0 des wissenschaftlichen Fachverbandes f\u00fcr EMDR: <a href=\"http:\/\/www.emdria.de\/\">emdria.de<\/a>, oder beim EMDR-Institut: <a href=\"https:\/\/www.emdr.de\/\">EMDR-Institut Deutschland\u00a0<\/a><\/p><\/div>\n\t\t\t\t<\/div>\n\t\t\t\t<\/div>\n\t\t\t\t\t\t<\/div>\n\t\t\t\t\t<\/div>\n\t\t<\/div>\n\t\t\t\t\t\t\t\t<\/div>\n\t\t\t\t\t<\/div>\n\t\t<\/section>\n\t\t\t\t\t\t<\/div>\n\t\t\t\t\t\t<\/div>\n\t\t\t\t\t<\/div>","protected":false},"excerpt":{"rendered":"<p>EMDR Eye Mouvement Desentizisation and Reprocessing ist eine wirksame Methode, die von der WHO und den Krankenkassen anerkannt ist. Hierbei wird bilaterale (beidseitige) Stimulation genutzt, um belastende Erinnerungen und schwierige Gef\u00fchle zu bearbeiten. Diese wird \u00fcber Augenbewegungen durchgef\u00fchrt, wobei der Therapeut seine Finger vor Ihren Augen bewegt. Alternativ kann sie auch durch Ber\u00fchrungen (\u201aTaping\u2018 durch [&hellip;]<\/p>","protected":false},"author":1,"featured_media":0,"parent":0,"menu_order":0,"comment_status":"closed","ping_status":"closed","template":"","meta":[],"_links":{"self":[{"href":"https:\/\/www.psychotherapie-ckmeuschel.de\/fr\/wp-json\/wp\/v2\/pages\/213"}],"collection":[{"href":"https:\/\/www.psychotherapie-ckmeuschel.de\/fr\/wp-json\/wp\/v2\/pages"}],"about":[{"href":"https:\/\/www.psychotherapie-ckmeuschel.de\/fr\/wp-json\/wp\/v2\/types\/page"}],"author":[{"embeddable":true,"href":"https:\/\/www.psychotherapie-ckmeuschel.de\/fr\/wp-json\/wp\/v2\/users\/1"}],"replies":[{"embeddable":true,"href":"https:\/\/www.psychotherapie-ckmeuschel.de\/fr\/wp-json\/wp\/v2\/comments?post=213"}],"version-history":[{"count":16,"href":"https:\/\/www.psychotherapie-ckmeuschel.de\/fr\/wp-json\/wp\/v2\/pages\/213\/revisions"}],"predecessor-version":[{"id":1435,"href":"https:\/\/www.psychotherapie-ckmeuschel.de\/fr\/wp-json\/wp\/v2\/pages\/213\/revisions\/1435"}],"wp:attachment":[{"href":"https:\/\/www.psychotherapie-ckmeuschel.de\/fr\/wp-json\/wp\/v2\/media?parent=213"}],"curies":[{"name":"wp","href":"https:\/\/api.w.org\/{rel}","templated":true}]}}