{"id":225,"date":"2020-10-31T20:17:04","date_gmt":"2020-10-31T20:17:04","guid":{"rendered":"http:\/\/psychotherapie-ckmeuschel.de\/?page_id=225"},"modified":"2022-01-29T12:01:55","modified_gmt":"2022-01-29T12:01:55","slug":"gruppentherapie-psyrena","status":"publish","type":"page","link":"https:\/\/www.psychotherapie-ckmeuschel.de\/fr\/gruppentherapie-psyrena\/","title":{"rendered":"Gruppentherapien"},"content":{"rendered":"<div data-elementor-type=\"wp-page\" data-elementor-id=\"225\" class=\"elementor elementor-225\" data-elementor-settings=\"[]\">\n\t\t\t\t\t\t<div class=\"elementor-inner\">\n\t\t\t\t\t\t\t<div class=\"elementor-section-wrap\">\n\t\t\t\t\t\t\t<main class=\"elementor-section elementor-top-section elementor-element elementor-element-2232850a elementor-section-content-middle custom-header elementor-section-boxed elementor-section-height-default elementor-section-height-default\" data-id=\"2232850a\" data-element_type=\"section\" data-settings=\"{&quot;background_background&quot;:&quot;classic&quot;}\">\n\t\t\t\t\t\t\t<div class=\"elementor-background-overlay\"><\/div>\n\t\t\t\t\t\t\t<div class=\"elementor-container elementor-column-gap-wide\">\n\t\t\t\t\t\t\t<div class=\"elementor-row\">\n\t\t\t\t\t<div class=\"elementor-column elementor-col-100 elementor-top-column elementor-element elementor-element-6a96af32 custom-header\" data-id=\"6a96af32\" data-element_type=\"column\" data-settings=\"{&quot;background_background&quot;:&quot;classic&quot;}\">\n\t\t\t<div class=\"elementor-column-wrap elementor-element-populated\">\n\t\t\t\t\t\t\t<div class=\"elementor-widget-wrap\">\n\t\t\t\t\t\t<div class=\"elementor-element elementor-element-3daf586c custom-headline elementor-widget elementor-widget-heading\" data-id=\"3daf586c\" data-element_type=\"widget\" data-widget_type=\"heading.default\">\n\t\t\t\t<div class=\"elementor-widget-container\">\n\t\t\t<h1 class=\"elementor-heading-title elementor-size-default\">Gruppentherapie<\/h1>\t\t<\/div>\n\t\t\t\t<\/div>\n\t\t\t\t\t\t<\/div>\n\t\t\t\t\t<\/div>\n\t\t<\/div>\n\t\t\t\t\t\t\t\t<\/div>\n\t\t\t\t\t<\/div>\n\t\t<\/main>\n\t\t\t\t<section class=\"elementor-section elementor-top-section elementor-element elementor-element-3943465d standardtext elementor-section-boxed elementor-section-height-default elementor-section-height-default\" data-id=\"3943465d\" data-element_type=\"section\">\n\t\t\t\t\t\t<div class=\"elementor-container elementor-column-gap-default\">\n\t\t\t\t\t\t\t<div class=\"elementor-row\">\n\t\t\t\t\t<div class=\"elementor-column elementor-col-100 elementor-top-column elementor-element elementor-element-76c058a5\" data-id=\"76c058a5\" data-element_type=\"column\">\n\t\t\t<div class=\"elementor-column-wrap elementor-element-populated\">\n\t\t\t\t\t\t\t<div class=\"elementor-widget-wrap\">\n\t\t\t\t\t\t<div class=\"elementor-element elementor-element-2d30245e elementor-widget elementor-widget-text-editor\" data-id=\"2d30245e\" data-element_type=\"widget\" data-widget_type=\"text-editor.default\">\n\t\t\t\t<div class=\"elementor-widget-container\">\n\t\t\t\t\t<div class=\"elementor-text-editor elementor-clearfix\"><p style=\"text-align: left;\">Aktuellen Studien zufolge sind Gruppentherapien in vielen Bereichen genauso, wenn nicht noch effizienter als Einzeltherapien. Dies ist insbesondere im Bereich Selbstsicherheit der Fall. Die Interaktion mit anderen Menschen bietet R\u00fcckhalt (&#8222;Ich bin ja nicht der Einzige, der dieses Problem hat!), R\u00fcckmeldung und Raum f\u00fcr Kreativit\u00e4t. Der gesch\u00fctzte Gruppenrahmen erm\u00f6glicht die Reflexion und Ver\u00e4nderung ung\u00fcnstiger Verhaltensmuster.<\/p><p style=\"text-align: left;\">Es werden Gruppen zum Thema Selbstsicherheit sowie zum Thema Traumabew\u00e4ltigung angeboten.<\/p><p style=\"text-align: left;\">Die Krankenkassen \u00fcbernehmen die Kosten f\u00fcr die Gruppentherapie, wenn eine psychische St\u00f6rung (z.B. Depression, Angstst\u00f6rung, PTBS) diagnostiziert wurde. Bei Interesse bitte per Mail Kontakt aufnehmen.<\/p><p style=\"text-align: left;\">Die Gruppentherapien zum Thema &#8218;<strong>\u00c4ngste und Selbstsicherheit<\/strong>&#8218; finden mittwochs und freitags von 10:15 Uhr bis 11:45 Uhr statt.\u00a0Diese Gruppen Therapie eignet sich f\u00fcr Menschen, die ihr Selbstwertgef\u00fchl verbessern m\u00f6chten und Soziale Phobien oder Unsicherheit \u00fcberwinden m\u00f6chten. In der Gruppe werden die Bl\u00f6cke &#8218;Recht durchsetzen&#8216;, Selbstsicherheit in Beziehungen&#8216; und &#8218;Sympathie gewinnen&#8216; (nach Hinsch und Pfingsten, Gruppentraining sozialer Kompetenzen) theoretisch und praktisch behandelt. Jeder Teilnehmer hat, meist im Anschluss nach eine Eingew\u00f6hnungsphase, die M\u00f6glichkeit, pers\u00f6nliche Themen einzubringen.<\/p><p style=\"text-align: left;\">Die Gruppentherapie zum Thema\u00a0<strong>Traumabew\u00e4ltigung<\/strong> findet ab dem 28.02.2022 immer mittwochs von 14:00 Uhr bis 15:30 Uhr statt. Diese Gruppe hat zum Ziel, die Teilnehmer*innen dabei zu unterst\u00fctzen, mit traumatischen Erlebnissen besser zurecht zukommen, und dient somit der Stabilisierung nach Traumata. Eine Konfrontation mit den Traumata erfolgt nicht in der Gruppentherapie, sondern kann gegebenenfalls in einer parallelen Einzeltherapie stattfinden.<\/p><\/div>\n\t\t\t\t<\/div>\n\t\t\t\t<\/div>\n\t\t\t\t\t\t<\/div>\n\t\t\t\t\t<\/div>\n\t\t<\/div>\n\t\t\t\t\t\t\t\t<\/div>\n\t\t\t\t\t<\/div>\n\t\t<\/section>\n\t\t\t\t\t\t<\/div>\n\t\t\t\t\t\t<\/div>\n\t\t\t\t\t<\/div>","protected":false},"excerpt":{"rendered":"<p>Gruppentherapie Aktuellen Studien zufolge sind Gruppentherapien in vielen Bereichen genauso, wenn nicht noch effizienter als Einzeltherapien. Dies ist insbesondere im Bereich Selbstsicherheit der Fall. Die Interaktion mit anderen Menschen bietet R\u00fcckhalt (&#8222;Ich bin ja nicht der Einzige, der dieses Problem hat!), R\u00fcckmeldung und Raum f\u00fcr Kreativit\u00e4t. Der gesch\u00fctzte Gruppenrahmen erm\u00f6glicht die Reflexion und Ver\u00e4nderung ung\u00fcnstiger [&hellip;]<\/p>","protected":false},"author":1,"featured_media":0,"parent":0,"menu_order":0,"comment_status":"closed","ping_status":"closed","template":"","meta":[],"_links":{"self":[{"href":"https:\/\/www.psychotherapie-ckmeuschel.de\/fr\/wp-json\/wp\/v2\/pages\/225"}],"collection":[{"href":"https:\/\/www.psychotherapie-ckmeuschel.de\/fr\/wp-json\/wp\/v2\/pages"}],"about":[{"href":"https:\/\/www.psychotherapie-ckmeuschel.de\/fr\/wp-json\/wp\/v2\/types\/page"}],"author":[{"embeddable":true,"href":"https:\/\/www.psychotherapie-ckmeuschel.de\/fr\/wp-json\/wp\/v2\/users\/1"}],"replies":[{"embeddable":true,"href":"https:\/\/www.psychotherapie-ckmeuschel.de\/fr\/wp-json\/wp\/v2\/comments?post=225"}],"version-history":[{"count":26,"href":"https:\/\/www.psychotherapie-ckmeuschel.de\/fr\/wp-json\/wp\/v2\/pages\/225\/revisions"}],"predecessor-version":[{"id":1712,"href":"https:\/\/www.psychotherapie-ckmeuschel.de\/fr\/wp-json\/wp\/v2\/pages\/225\/revisions\/1712"}],"wp:attachment":[{"href":"https:\/\/www.psychotherapie-ckmeuschel.de\/fr\/wp-json\/wp\/v2\/media?parent=225"}],"curies":[{"name":"wp","href":"https:\/\/api.w.org\/{rel}","templated":true}]}}