{"id":228,"date":"2020-10-31T20:17:42","date_gmt":"2020-10-31T20:17:42","guid":{"rendered":"http:\/\/psychotherapie-ckmeuschel.de\/?page_id=228"},"modified":"2021-01-10T08:52:26","modified_gmt":"2021-01-10T08:52:26","slug":"zugang-zur-psychotherapie","status":"publish","type":"page","link":"https:\/\/www.psychotherapie-ckmeuschel.de\/fr\/zugang-zur-psychotherapie\/","title":{"rendered":"Pourquoi faire une psychoth\u00e9rapie?"},"content":{"rendered":"<div data-elementor-type=\"wp-page\" data-elementor-id=\"228\" class=\"elementor elementor-228\" data-elementor-settings=\"[]\">\n\t\t\t\t\t\t<div class=\"elementor-inner\">\n\t\t\t\t\t\t\t<div class=\"elementor-section-wrap\">\n\t\t\t\t\t\t\t<main class=\"elementor-section elementor-top-section elementor-element elementor-element-e5366e0 elementor-section-content-middle custom-header elementor-section-boxed elementor-section-height-default elementor-section-height-default\" data-id=\"e5366e0\" data-element_type=\"section\" data-settings=\"{&quot;background_background&quot;:&quot;classic&quot;}\">\n\t\t\t\t\t\t\t<div class=\"elementor-background-overlay\"><\/div>\n\t\t\t\t\t\t\t<div class=\"elementor-container elementor-column-gap-wide\">\n\t\t\t\t\t\t\t<div class=\"elementor-row\">\n\t\t\t\t\t<div class=\"elementor-column elementor-col-100 elementor-top-column elementor-element elementor-element-29087d7 custom-header\" data-id=\"29087d7\" data-element_type=\"column\" data-settings=\"{&quot;background_background&quot;:&quot;classic&quot;}\">\n\t\t\t<div class=\"elementor-column-wrap\">\n\t\t\t\t\t\t\t<div class=\"elementor-widget-wrap\">\n\t\t\t\t\t\t\t\t<\/div>\n\t\t\t\t\t<\/div>\n\t\t<\/div>\n\t\t\t\t\t\t\t\t<\/div>\n\t\t\t\t\t<\/div>\n\t\t<\/main>\n\t\t\t\t<section class=\"elementor-section elementor-top-section elementor-element elementor-element-70a0215 standardtext elementor-section-boxed elementor-section-height-default elementor-section-height-default\" data-id=\"70a0215\" data-element_type=\"section\">\n\t\t\t\t\t\t<div class=\"elementor-container elementor-column-gap-default\">\n\t\t\t\t\t\t\t<div class=\"elementor-row\">\n\t\t\t\t\t<div class=\"elementor-column elementor-col-100 elementor-top-column elementor-element elementor-element-34daf15\" data-id=\"34daf15\" data-element_type=\"column\">\n\t\t\t<div class=\"elementor-column-wrap elementor-element-populated\">\n\t\t\t\t\t\t\t<div class=\"elementor-widget-wrap\">\n\t\t\t\t\t\t<div class=\"elementor-element elementor-element-6e3d7bb elementor-widget elementor-widget-heading\" data-id=\"6e3d7bb\" data-element_type=\"widget\" data-widget_type=\"heading.default\">\n\t\t\t\t<div class=\"elementor-widget-container\">\n\t\t\t<h2 class=\"elementor-heading-title elementor-size-default\">Pour quelles raisons  envisager une psychotherapie?<\/h2>\t\t<\/div>\n\t\t\t\t<\/div>\n\t\t\t\t<div class=\"elementor-element elementor-element-a6c2adc elementor-widget elementor-widget-text-editor\" data-id=\"a6c2adc\" data-element_type=\"widget\" data-widget_type=\"text-editor.default\">\n\t\t\t\t<div class=\"elementor-widget-container\">\n\t\t\t\t\t<div class=\"elementor-text-editor elementor-clearfix\"><p class=\"MsoListParagraphCxSpFirst\" style=\"text-indent: -18.0pt; mso-list: l0 level1 lfo1;\"><span style=\"font-size: 16px; color: var( --e-global-color-text );\">\u00a0 \u00a0 \u00a0 Votre m\u00e9decin ou bien vos proches vous l'ont recommand\u00e9?<\/span><\/p><p>..ou alors vous-m\u00eame avez constat\u00e9 que vous souffrez psychiquement et vous voulez y changer quelque chose!<\/p><p>Vous ou bien un de vos proches a subi un coup du sort;<\/p><p>Vous avez v\u00e9cu ou assist\u00e9 \u00e0 un \u00e9v\u00e9nement traumatisant et n'arrivez pas \u00e0 tourner la page;<\/p><p>Vous vous trouvez dans une situation de conflit insupportable, sur le plan priv\u00e9 ou professionnel;<\/p><p>Vous avez une maladie corporelle qui est difficile \u00e0 g\u00e9rer;<\/p><p><a href=\"https:\/\/www.psychotherapie-ckmeuschel.de\/fr\/behandlungsspektrum\/\">Voir aussi: troubles psychiques fr\u00e9quents<\/a><\/p><\/div>\n\t\t\t\t<\/div>\n\t\t\t\t<\/div>\n\t\t\t\t\t\t<\/div>\n\t\t\t\t\t<\/div>\n\t\t<\/div>\n\t\t\t\t\t\t\t\t<\/div>\n\t\t\t\t\t<\/div>\n\t\t<\/section>\n\t\t\t\t\t\t<\/div>\n\t\t\t\t\t\t<\/div>\n\t\t\t\t\t<\/div>","protected":false},"excerpt":{"rendered":"<p>Gr\u00fcnde, eine Psychotherapie zu machen, k\u00f6nnen sein&#8230; \u00a0 \u00a0 \u00a0 Sie haben eine Empfehlung dazu von ihrem Arzt oder aus dem Freundes- und Familienkreis bekommen; Sie haben selbst das Gef\u00fchl, psychisch zu leiden und wollen daran etwas \u00e4ndern! Sie oder einer Ihrer Angeh\u00f6rigen hatten einen Schicksalsschlag; Sie haben ein traumatisches Erlebnis selbst erlitten oder mitbekommen [&hellip;]<\/p>","protected":false},"author":1,"featured_media":0,"parent":0,"menu_order":0,"comment_status":"closed","ping_status":"closed","template":"","meta":[],"_links":{"self":[{"href":"https:\/\/www.psychotherapie-ckmeuschel.de\/fr\/wp-json\/wp\/v2\/pages\/228"}],"collection":[{"href":"https:\/\/www.psychotherapie-ckmeuschel.de\/fr\/wp-json\/wp\/v2\/pages"}],"about":[{"href":"https:\/\/www.psychotherapie-ckmeuschel.de\/fr\/wp-json\/wp\/v2\/types\/page"}],"author":[{"embeddable":true,"href":"https:\/\/www.psychotherapie-ckmeuschel.de\/fr\/wp-json\/wp\/v2\/users\/1"}],"replies":[{"embeddable":true,"href":"https:\/\/www.psychotherapie-ckmeuschel.de\/fr\/wp-json\/wp\/v2\/comments?post=228"}],"version-history":[{"count":64,"href":"https:\/\/www.psychotherapie-ckmeuschel.de\/fr\/wp-json\/wp\/v2\/pages\/228\/revisions"}],"predecessor-version":[{"id":1600,"href":"https:\/\/www.psychotherapie-ckmeuschel.de\/fr\/wp-json\/wp\/v2\/pages\/228\/revisions\/1600"}],"wp:attachment":[{"href":"https:\/\/www.psychotherapie-ckmeuschel.de\/fr\/wp-json\/wp\/v2\/media?parent=228"}],"curies":[{"name":"wp","href":"https:\/\/api.w.org\/{rel}","templated":true}]}}