{"id":28,"date":"2020-10-24T10:02:17","date_gmt":"2020-10-24T10:02:17","guid":{"rendered":"http:\/\/psychotherapie-ckmeuschel.de\/?page_id=28"},"modified":"2021-02-15T16:28:46","modified_gmt":"2021-02-15T16:28:46","slug":"kontakt","status":"publish","type":"page","link":"https:\/\/www.psychotherapie-ckmeuschel.de\/fr\/kontakt\/","title":{"rendered":"Kontakt"},"content":{"rendered":"<div data-elementor-type=\"wp-page\" data-elementor-id=\"28\" class=\"elementor elementor-28\" data-elementor-settings=\"[]\">\n\t\t\t\t\t\t<div class=\"elementor-inner\">\n\t\t\t\t\t\t\t<div class=\"elementor-section-wrap\">\n\t\t\t\t\t\t\t<main class=\"elementor-section elementor-top-section elementor-element elementor-element-78c999f1 elementor-section-content-middle custom-header elementor-section-boxed elementor-section-height-default elementor-section-height-default\" data-id=\"78c999f1\" data-element_type=\"section\" data-settings=\"{&quot;background_background&quot;:&quot;classic&quot;}\">\n\t\t\t\t\t\t\t<div class=\"elementor-background-overlay\"><\/div>\n\t\t\t\t\t\t\t<div class=\"elementor-container elementor-column-gap-wide\">\n\t\t\t\t\t\t\t<div class=\"elementor-row\">\n\t\t\t\t\t<div class=\"elementor-column elementor-col-100 elementor-top-column elementor-element elementor-element-617fc55 custom-header\" data-id=\"617fc55\" data-element_type=\"column\" data-settings=\"{&quot;background_background&quot;:&quot;classic&quot;}\">\n\t\t\t<div class=\"elementor-column-wrap\">\n\t\t\t\t\t\t\t<div class=\"elementor-widget-wrap\">\n\t\t\t\t\t\t\t\t<\/div>\n\t\t\t\t\t<\/div>\n\t\t<\/div>\n\t\t\t\t\t\t\t\t<\/div>\n\t\t\t\t\t<\/div>\n\t\t<\/main>\n\t\t\t\t<section class=\"elementor-section elementor-top-section elementor-element elementor-element-50f1c568 standarttext elementor-section-boxed elementor-section-height-default elementor-section-height-default elementor-invisible\" data-id=\"50f1c568\" data-element_type=\"section\" data-settings=\"{&quot;background_background&quot;:&quot;classic&quot;,&quot;animation&quot;:&quot;none&quot;}\">\n\t\t\t\t\t\t\t<div class=\"elementor-background-overlay\"><\/div>\n\t\t\t\t\t\t\t<div class=\"elementor-container elementor-column-gap-narrow\">\n\t\t\t\t\t\t\t<div class=\"elementor-row\">\n\t\t\t\t\t<div class=\"elementor-column elementor-col-100 elementor-top-column elementor-element elementor-element-26db56de envato-kit-141-newsletter-inline elementor-invisible\" data-id=\"26db56de\" data-element_type=\"column\" data-settings=\"{&quot;background_background&quot;:&quot;classic&quot;,&quot;animation&quot;:&quot;none&quot;,&quot;animation_delay&quot;:200}\">\n\t\t\t<div class=\"elementor-column-wrap elementor-element-populated\">\n\t\t\t\t\t\t\t<div class=\"elementor-widget-wrap\">\n\t\t\t\t\t\t<div class=\"elementor-element elementor-element-76e9322 elementor-widget elementor-widget-text-editor\" data-id=\"76e9322\" data-element_type=\"widget\" data-widget_type=\"text-editor.default\">\n\t\t\t\t<div class=\"elementor-widget-container\">\n\t\t\t\t\t<div class=\"elementor-text-editor elementor-clearfix\"><h3><span style=\"color: #339966;\">Terminvergabe<\/span><\/h3><p><span style=\"color: #ff0000;\">Terminanfragen bitte aktuell nur per Mail! <\/span><\/p><p><span style=\"color: #ff0000;\">Actuellement prise de rendez-vous uniquement par mail !<\/span><\/p><h3><span style=\"color: #339966;\">Telefonische<strong> Terminvergabe:<\/strong><\/span><\/h3><p><strong><span style=\"color: #339966;\">\u00a0 \u00a0069\/95116061<\/span><\/strong><\/p><ul style=\"font-variant-ligatures: normal; font-variant-caps: normal; font-family: Roboto, sans-serif; font-size: 16px; font-style: normal; font-weight: 400;\"><li style=\"font-size: 16px;\">Montag\u00a0 8:20 Uhr bis 09:50 Uhr<\/li><li style=\"font-size: 16px;\">Dienstag von 8:20 Uhr bis 08:50 Uhr<\/li><\/ul><p>oder per Mail an <span style=\"color: #339966;\">info@psychotherapie-ckmeuschel.de <\/span>\/ Kontaktformular (siehe unten)<\/p><h3><span style=\"color: #339966;\"><strong>Prise de Rendez-Vous par t\u00e9l\u00e9phone:<\/strong><\/span><\/h3><ul style=\"font-variant-ligatures: normal; font-variant-caps: normal; font-family: Roboto, sans-serif; font-size: 16px; font-style: normal; font-weight: 400;\"><li style=\"font-size: 16px;\">Lundi de 8:20 \u00e0 9:50\u00a0<\/li><li style=\"font-size: 16px;\">Mardi de 8:20 \u00e0 8:50<\/li><\/ul><p>ou par mail \u00e0 <span style=\"color: #339966;\">info@psychotherapie-ckmeuschel.de\u00a0\u00a0<\/span><\/p><p>ou par formulaire de contact (voir ci-dessous)<\/p><p><span style=\"color: #333333;\"><span style=\"color: #339966;\"><strong style=\"font-size: 16px;\">Make an appointment via phone:<\/strong><\/span><\/span><\/p><ul><li>On Monday from 8:20 to 9:50 am<\/li><li>On Tuesday from 8:20 to 8:50 am<\/li><\/ul><p>or via mail to <span style=\"color: #339966;\">info@psychotherapie-ckmeuschel.de <\/span>\u00a0or contact form (see below)<\/p><\/div>\n\t\t\t\t<\/div>\n\t\t\t\t<\/div>\n\t\t\t\t<div class=\"elementor-element elementor-element-0523c22 elementor-widget elementor-widget-text-editor\" data-id=\"0523c22\" data-element_type=\"widget\" data-widget_type=\"text-editor.default\">\n\t\t\t\t<div class=\"elementor-widget-container\">\n\t\t\t\t\t<div class=\"elementor-text-editor elementor-clearfix\"><\/div>\n\t\t\t\t<\/div>\n\t\t\t\t<\/div>\n\t\t\t\t<div class=\"elementor-element elementor-element-7bb7e58 elementor-widget elementor-widget-text-editor\" data-id=\"7bb7e58\" data-element_type=\"widget\" data-widget_type=\"text-editor.default\">\n\t\t\t\t<div class=\"elementor-widget-container\">\n\t\t\t\t\t<div class=\"elementor-text-editor elementor-clearfix\"><\/div>\n\t\t\t\t<\/div>\n\t\t\t\t<\/div>\n\t\t\t\t<div class=\"elementor-element elementor-element-16be665 elementor-widget elementor-widget-text-editor\" data-id=\"16be665\" data-element_type=\"widget\" data-widget_type=\"text-editor.default\">\n\t\t\t\t<div class=\"elementor-widget-container\">\n\t\t\t\t\t<div class=\"elementor-text-editor elementor-clearfix\"><p>\t\t\t<link rel=\"stylesheet\" property=\"stylesheet\" href=\"https:\/\/www.psychotherapie-ckmeuschel.de\/wp-content\/plugins\/happyforms\/\/core\/assets\/css\/color.css?ver=1.9.27\" \/>\n\t\t\t\t\t\t<link rel=\"stylesheet\" property=\"stylesheet\" href=\"https:\/\/www.psychotherapie-ckmeuschel.de\/wp-content\/plugins\/happyforms\/\/core\/assets\/css\/layout.css?ver=1.9.27\" \/>\n\t\t\t\t<!-- HappyForms CSS variables -->\n\t<style>\n\t#happyforms-678 {\n\t\t--happyforms-form-width: 100%;\n--happyforms-form-title-font-size: 32px;\n--happyforms-part-title-font-size: 16px;\n--happyforms-part-description-font-size: 14px;\n--happyforms-part-value-font-size: 15px;\n--happyforms-submit-button-font-size: 16px;\n--happyforms-color-primary: #000000;\n--happyforms-color-success-notice: #ebf9f0;\n--happyforms-color-success-notice-text: #1eb452;\n--happyforms-color-error: #f23000;\n--happyforms-color-error-notice: #ffeeea;\n--happyforms-color-error-notice-text: #f23000;\n--happyforms-color-part-title: #000000;\n--happyforms-color-part-value: #000000;\n--happyforms-color-part-placeholder: #888888;\n--happyforms-color-part-description: #454545;\n--happyforms-color-part-border: #dbdbdb;\n--happyforms-color-part-border-focus: #76ab8d;\n--happyforms-color-part-background: #ffffff;\n--happyforms-color-part-background-focus: #ffffff;\n--happyforms-color-submit-background: #76ab8d;\n--happyforms-color-submit-background-hover: #81d742;\n--happyforms-color-submit-border: transparent;\n--happyforms-color-submit-text: #ffffff;\n--happyforms-color-submit-text-hover: #000000;\n--happyforms-color-rating: #cccccc;\n--happyforms-color-rating-hover: #ffbf00;\n--happyforms-color-table-row-odd: #fcfcfc;\n--happyforms-color-table-row-even: #efefef;\n--happyforms-color-table-row-odd-text: #000000;\n--happyforms-color-table-row-even-text: #000000;\n--happyforms-color-divider-hr: #cccccc;\n--happyforms-color-choice-checkmark-bg: #ffffff;\n--happyforms-color-choice-checkmark-bg-focus: #76ab8d;\n--happyforms-color-choice-checkmark-color: #ffffff;\n--happyforms-color-dropdown-item-bg: #ffffff;\n--happyforms-color-dropdown-item-text: #000000;\n--happyforms-color-dropdown-item-bg-hover: #f4f4f5;\n--happyforms-color-dropdown-item-text-hover: #000000;\n\t}\n\t<\/style>\n\t<!-- End of HappyForms CSS variables -->\n\t\t<!-- HappyForms Additional CSS -->\n\t<style data-happyforms-additional-css>\n\t#happyforms-678 .happyforms-optional{ color: #CCC9C5; padding-left: 5px;} #happyforms-678 .happyforms-part--submit{ margin-top: 30px;} #happyforms-678 .happyforms-part--choice.display-type--block.happyforms-part-options-width--auto .happyforms-part__el{ flex-direction:row;} \t<\/style>\n\t<!-- End of HappyForms Additional CSS -->\n\t<div class=\"happyforms-form happyforms-styles happyforms-form--part-border-radius-square happyforms-form--part-outer-padding-narrow happyforms-form--submit-button-border-radius-square\" id=\"happyforms-678\">\n\t<h3 class=\"happyforms-form__title\">Kontakt Formular<\/h3>\n\t<form action=\"\" id=\"happyforms-form-678\" method=\"post\" novalidate=\"true\" data-trp-original-action=\"\">\n\t\t\n\t\t\t<input type=\"hidden\" name=\"action\" value=\"happyforms_message\">\n\t\t\t\t<input type=\"hidden\" name=\"happyforms_form_id\" value=\"678\" \/>\n\t\t\t<input type=\"hidden\" id=\"happyforms_message_nonce\" name=\"happyforms_message_nonce\" value=\"362f8ae976\" \/><input type=\"hidden\" name=\"_wp_http_referer\" value=\"\/fr\/wp-json\/wp\/v2\/pages\/28\" \/>\t\t\t<input type=\"hidden\" name=\"happyforms_step\" value=\"0\" \/>\n\t\n\t\t<div class=\"happyforms-flex\">\n\t\t\t\t\t\t\t<label>\n\t\t<input type=\"checkbox\" name=\"678single_line_text_-1\" value=\"1\" style=\"display: none;\" tabindex=\"-1\" autocomplete=\"off\"> <span class=\"screen-reader-text\">Spam protection, skip this field<\/span>\n\t<\/label>\n\t\t\t\t\t\t\t\t\t\t<div class=\"happyforms-part--choice display-type--block happyforms-part-options-width--auto happyforms-form__part happyforms-part happyforms-part--radio happyforms-part--width-full happyforms-part--label-\" id=\"happyforms-678_radio_6-part\" data-happyforms-type=\"radio\" data-happyforms-id=\"radio_6\">\n\t<div class=\"happyforms-part-wrap\">\n\t\t\t<div class=\"happyforms-part__label-container\">\n\t\t\t\t<label for=\"happyforms-678_radio_6\" class=\"happyforms-part__label\">\n\t\t\t<span class=\"label\">Anrede<\/span>\n\t\t\t\t\t\t\t\t\t\t<span class=\"happyforms-optional\">(optional)<\/span>\n\t\t\t\t\t\t\t\t<\/label>\n\t\t\t<\/div>\n\t\n\t\t\n\t\t<div class=\"happyforms-part__el\">\n\t\t\t\t\t\t\t\t\t<div class=\"happyforms-part__option happyforms-part-option\" id=\"radio_6_option_1605353325414\">\n\t\t\t\t<label class=\"option-label\">\n\t\t\t\t\t<input type=\"radio\" class=\"happyforms-visuallyhidden\" name=\"678_radio_6\" value=\"0\"  >\n\t\t\t\t\t<span class=\"checkmark\">\n\t\t\t\t\t\t<span class=\"happyforms-radio-circle\"><\/span>\n\t\t\t\t\t<\/span>\n\t\t\t\t\t<span class=\"label\">Frau<\/span>\n\t\t\t\t<\/label>\n\t\t\t\t<span class=\"happyforms-part-option__description\"><\/span>\n\t\t\t<\/div>\n\t\t\t\t\t\t\t\t\t<div class=\"happyforms-part__option happyforms-part-option\" id=\"radio_6_option_1605353339764\">\n\t\t\t\t<label class=\"option-label\">\n\t\t\t\t\t<input type=\"radio\" class=\"happyforms-visuallyhidden\" name=\"678_radio_6\" value=\"1\"  >\n\t\t\t\t\t<span class=\"checkmark\">\n\t\t\t\t\t\t<span class=\"happyforms-radio-circle\"><\/span>\n\t\t\t\t\t<\/span>\n\t\t\t\t\t<span class=\"label\">Herr<\/span>\n\t\t\t\t<\/label>\n\t\t\t\t<span class=\"happyforms-part-option__description\"><\/span>\n\t\t\t<\/div>\n\t\t\t\n\t\t\t\n\t\t\t\t\t\t\t\t\t\t\t\t\t\n\t\t\t\t\t<\/div>\n\t<\/div>\n<\/div>\n<div class=\"happyforms-form__part happyforms-part happyforms-part--single_line_text happyforms-part--width-half happyforms-part--label-\" id=\"happyforms-678_single_line_text_0-part\" data-happyforms-type=\"single_line_text\" data-happyforms-id=\"single_line_text_0\" data-happyforms-required=\"\">\n\t<div class=\"happyforms-part-wrap\">\n\t\t\n\t\t\t\t\t\t<div class=\"happyforms-part__label-container\">\n\t\t\t\t<label for=\"happyforms-678_single_line_text_0\" class=\"happyforms-part__label\">\n\t\t\t<span class=\"label\">Vorname *<\/span>\n\t\t\t\t\t\t\t\t\t\t<span class=\"happyforms-optional\">(optional)<\/span>\n\t\t\t\t\t\t\t\t<\/label>\n\t\t\t<\/div>\n\t\t\t\n\t\t<div class=\"happyforms-part__el\">\n\t\t\t\n\t\t\t\n\t\t\t<div class=\"happyforms-input\">\n\t\t\t\t\n\t\t\t\t<input id=\"happyforms-678_single_line_text_0\" type=\"text\" name=\"678_single_line_text_0\" value=\"\" placeholder=\"-\"  \/>\n\t\t\t\t\t\t\t<\/div>\n\n\t\t\t\n\t\t\t\n\t\t\t\t\t\t\t\t\t\t\n\t\t\t\t\t<\/div>\n\t<\/div>\n<\/div>\n<div class=\"happyforms-form__part happyforms-part happyforms-part--single_line_text happyforms-part--width-half happyforms-part--label-\" id=\"happyforms-678_single_line_text_1-part\" data-happyforms-type=\"single_line_text\" data-happyforms-id=\"single_line_text_1\" data-happyforms-required=\"\">\n\t<div class=\"happyforms-part-wrap\">\n\t\t\n\t\t\t\t\t\t<div class=\"happyforms-part__label-container\">\n\t\t\t\t<label for=\"happyforms-678_single_line_text_1\" class=\"happyforms-part__label\">\n\t\t\t<span class=\"label\">Nachname *<\/span>\n\t\t\t\t\t\t\t\t\t\t<span class=\"happyforms-optional\">(optional)<\/span>\n\t\t\t\t\t\t\t\t<\/label>\n\t\t\t<\/div>\n\t\t\t\n\t\t<div class=\"happyforms-part__el\">\n\t\t\t\n\t\t\t\n\t\t\t<div class=\"happyforms-input\">\n\t\t\t\t\n\t\t\t\t<input id=\"happyforms-678_single_line_text_1\" type=\"text\" name=\"678_single_line_text_1\" value=\"\" placeholder=\"-\"  \/>\n\t\t\t\t\t\t\t<\/div>\n\n\t\t\t\n\t\t\t\n\t\t\t\t\t\t\t\t\t\t\n\t\t\t\t\t<\/div>\n\t<\/div>\n<\/div>\n<div class=\"happyforms-part--with-autocomplete happyforms-form__part happyforms-part happyforms-part--email happyforms-part--width-full happyforms-part--label-\" id=\"happyforms-678_email_5-part\" data-mode=\"autocomplete\" data-happyforms-type=\"email\" data-happyforms-id=\"email_5\" data-happyforms-required=\"\">\n\t\t<div class=\"happyforms-part-wrap\">\n\t\t\t\t\t\t<div class=\"happyforms-part__label-container\">\n\t\t\t\t<label for=\"happyforms-678_email_5\" class=\"happyforms-part__label\">\n\t\t\t<span class=\"label\">E-Mail Adresse *<\/span>\n\t\t\t\t\t\t\t\t\t\t<span class=\"happyforms-optional\">(optional)<\/span>\n\t\t\t\t\t\t\t\t<\/label>\n\t\t\t<\/div>\n\t\t\t\n\t\t<div class=\"happyforms-part__el\">\n\t\t\t\n\t\t\t\t\t\t\t<input type=\"hidden\" name=\"678_email_5\" value=\"\" data-serialize \/>\n\n\t\t\t\t<input type=\"email\" name=\"happyforms-678_email_5_dummy_1778675962\" id=\"happyforms-678_email_5\" value=\"\" autocomplete=\"none\" placeholder=\"-\"  \/>\n\n\t\t\t\t\t\t\t\n\t\t\t<ul class=\"happyforms-custom-select-dropdown\">\n\t<li class=\"happyforms-custom-select-dropdown__placeholder\" data-value=\"\">&#8211;<\/li>\n\t\t<\/ul>\n\n\t\t\t\t\t\t\t\t\t\t\n\t\t\t\n\t\t\t\t\t<\/div>\n\t<\/div>\n\t<\/div>\n<div class=\"happyforms-form__part happyforms-part happyforms-part--number happyforms-part--width-full happyforms-part--label-\" id=\"happyforms-678_number_7-part\" data-happyforms-type=\"number\" data-happyforms-id=\"number_7\">\n\t<div class=\"happyforms-part-wrap\">\n\t\t\n\t\t\t\t\t\t<div class=\"happyforms-part__label-container\">\n\t\t\t\t<label for=\"happyforms-678_number_7\" class=\"happyforms-part__label\">\n\t\t\t<span class=\"label\">Telefon<\/span>\n\t\t\t\t\t\t\t\t\t\t<span class=\"happyforms-optional\">(optional)<\/span>\n\t\t\t\t\t\t\t\t<\/label>\n\t\t\t<\/div>\n\t\t\t\n\t\t<div class=\"happyforms-part__el\">\n\t\t\t\n\t\t\t\t\t\t\t<div class=\"happyforms-input-group with-prefix\">\n\t\t\t\t\t\t\t\t\t\t\t<div class=\"happyforms-input-group__prefix\">\n\t\t\t\t\t\t\t<span>+49<\/span>\n\t\t\t\t\t\t<\/div>\n\t\t\t\t\t\t\t\t\n\t\t\t<div class=\"happyforms-input\">\n\t\t\t\t\t\t\t\t<input id=\"happyforms-678_number_7\" type=\"number\" value=\"\" name=\"678_number_7\" placeholder=\"-\" min=\"0\" max=\"0\"  \/>\n\t\t\t\t\t\t\t<\/div>\n\n\t\t\t\t\t\t\t\n\t\t\t\t<\/div><!-- \/.happyforms-input-group -->\n\t\t\t\n\t\t\t\n\t\t\t\t\t\t\t\t\t\t\n\t\t\t\t\t<\/div>\n\t<\/div>\n\t<\/div>\n<div class=\"happyforms-part--choice display-type--block happyforms-part-options-width--auto happyforms-form__part happyforms-part happyforms-part--radio happyforms-part--width-full happyforms-part--label-\" id=\"happyforms-678_radio_9-part\" data-happyforms-type=\"radio\" data-happyforms-id=\"radio_9\" data-happyforms-required=\"\">\n\t<div class=\"happyforms-part-wrap\">\n\t\t\t<div class=\"happyforms-part__label-container\">\n\t\t\t\t<label for=\"happyforms-678_radio_9\" class=\"happyforms-part__label\">\n\t\t\t<span class=\"label\">Versicherung *<\/span>\n\t\t\t\t\t\t\t\t\t\t<span class=\"happyforms-optional\">(optional)<\/span>\n\t\t\t\t\t\t\t\t<\/label>\n\t\t\t<\/div>\n\t\n\t\t\n\t\t<div class=\"happyforms-part__el\">\n\t\t\t\t\t\t\t\t\t<div class=\"happyforms-part__option happyforms-part-option\" id=\"radio_9_option_1605458102331\">\n\t\t\t\t<label class=\"option-label\">\n\t\t\t\t\t<input type=\"radio\" class=\"happyforms-visuallyhidden\" name=\"678_radio_9\" value=\"0\"  >\n\t\t\t\t\t<span class=\"checkmark\">\n\t\t\t\t\t\t<span class=\"happyforms-radio-circle\"><\/span>\n\t\t\t\t\t<\/span>\n\t\t\t\t\t<span class=\"label\">privat<\/span>\n\t\t\t\t<\/label>\n\t\t\t\t<span class=\"happyforms-part-option__description\"><\/span>\n\t\t\t<\/div>\n\t\t\t\t\t\t\t\t\t<div class=\"happyforms-part__option happyforms-part-option\" id=\"radio_9_option_1605458108579\">\n\t\t\t\t<label class=\"option-label\">\n\t\t\t\t\t<input type=\"radio\" class=\"happyforms-visuallyhidden\" name=\"678_radio_9\" value=\"1\"  >\n\t\t\t\t\t<span class=\"checkmark\">\n\t\t\t\t\t\t<span class=\"happyforms-radio-circle\"><\/span>\n\t\t\t\t\t<\/span>\n\t\t\t\t\t<span class=\"label\">gesetzlich<\/span>\n\t\t\t\t<\/label>\n\t\t\t\t<span class=\"happyforms-part-option__description\"><\/span>\n\t\t\t<\/div>\n\t\t\t\n\t\t\t\n\t\t\t\t\t\t\t\t\t\t\t\t\t\n\t\t\t\t\t<\/div>\n\t<\/div>\n<\/div>\n<div class=\"happyforms-form__part happyforms-part happyforms-part--multi_line_text happyforms-part--width-full happyforms-part--label-\" id=\"happyforms-678_multi_line_text_4-part\" data-happyforms-type=\"multi_line_text\" data-happyforms-id=\"multi_line_text_4\" data-happyforms-required=\"\">\n\t<div class=\"happyforms-part-wrap\">\n\t\t\t\t\t\t<div class=\"happyforms-part__label-container\">\n\t\t\t\t<label for=\"happyforms-678_multi_line_text_4\" class=\"happyforms-part__label\">\n\t\t\t<span class=\"label\">Ihr Anliegen *<\/span>\n\t\t\t\t\t\t\t\t\t\t<span class=\"happyforms-optional\">(optional)<\/span>\n\t\t\t\t\t\t\t\t<\/label>\n\t\t\t<\/div>\n\t\t\t\n\t\t<div class=\"happyforms-part__el\">\n\t\t\t\n\t\t\t<textarea id=\"happyforms-678_multi_line_text_4\" name=\"678_multi_line_text_4\" rows=\"5\" placeholder=\"\" ><\/textarea>\n\t\t\t\n\t\t\t\n\t\t\t\t\t\t\t\t\t\t\n\t\t\t\t\t<\/div>\n\t<\/div>\n<\/div>\n<div class=\"happyforms-part--choice display-type--block happyforms-part-options-width--auto happyforms-form__part happyforms-part happyforms-part--checkbox happyforms-part--width-full happyforms-part--label-\" id=\"happyforms-678_checkbox_8-part\" data-happyforms-type=\"checkbox\" data-happyforms-id=\"checkbox_8\" data-happyforms-required=\"\">\n\t<div class=\"happyforms-part-wrap\">\n\t\t\t<div class=\"happyforms-part__label-container\">\n\t\t\t\t<label for=\"happyforms-678_checkbox_8\" class=\"happyforms-part__label\">\n\t\t\t<span class=\"label\"><\/span>\n\t\t\t\t\t\t\t\t\t\t<span class=\"happyforms-optional\">(optional)<\/span>\n\t\t\t\t\t\t\t\t<\/label>\n\t\t\t<\/div>\n\t\n\t\t<div class=\"happyforms-part__el\">\n\t\t\t\n\t\t\t\n\t\t\t\t\t\t<div class=\"happyforms-part__option happyforms-part-option\" id=\"checkbox_8_option_1605358260569\">\n\t\t\t\t\t\t\t\t<label class=\"option-label\">\n\t\t\t\t\t<input type=\"checkbox\" class=\"happyforms-visuallyhidden happyforms-checkbox\" name=\"678_checkbox_8[]\" value=\"0\" data-serialize>\n\t\t\t\t\t<span class=\"checkmark\"><svg xmlns=\"http:\/\/www.w3.org\/2000\/svg\" width=\"12\" height=\"12\" viewbox=\"0 0 24 24\"><path fill=\"currentColor\" d=\"M20.285 2l-11.285 11.567-5.286-5.011-3.714 3.716 9 8.728 15-15.285z\"\/><\/svg><\/span>\n\t\t\t\t\t<span class=\"label\">Mit dem Absenden stimme ich den Datenschutzbestimmungen zu.<\/span>\n\t\t\t\t<\/label>\n\t\t\t\t<span class=\"happyforms-part-option__description\"><\/span>\n\t\t\t<\/div>\n\t\t\t\n\t\t\t\n\t\t\t\t\t\t\t\t\t\t\n\t\t\t\t\t<\/div>\n\t<\/div>\n<\/div>\n\t\t\t\t\t\t<div class=\"happyforms-form__part happyforms-part happyforms-part--submit\">\n\t\t<input type=\"submit\" class=\"happyforms-submit happyforms-button--submit\" value=\"Absenden\">\n\t<\/div>\t\t<\/div>\n\n\t\t\t<input type=\"hidden\" name=\"trp-form-language\" value=\"fr\"\/><\/form>\n\n\t<\/div><\/p><\/div>\n\t\t\t\t<\/div>\n\t\t\t\t<\/div>\n\t\t\t\t\t\t<\/div>\n\t\t\t\t\t<\/div>\n\t\t<\/div>\n\t\t\t\t\t\t\t\t<\/div>\n\t\t\t\t\t<\/div>\n\t\t<\/section>\n\t\t\t\t\t\t<\/div>\n\t\t\t\t\t\t<\/div>\n\t\t\t\t\t<\/div>","protected":false},"excerpt":{"rendered":"<p>Terminvergabe Terminanfragen bitte aktuell nur per Mail! Actuellement prise de rendez-vous uniquement par mail ! Telefonische Terminvergabe: \u00a0 \u00a0069\/95116061 Montag\u00a0 8:20 Uhr bis 09:50 Uhr Dienstag von 8:20 Uhr bis 08:50 Uhr oder per Mail an info@psychotherapie-ckmeuschel.de \/ Kontaktformular (siehe unten) Prise de Rendez-Vous par t\u00e9l\u00e9phone: Lundi de 8:20 \u00e0 9:50\u00a0 Mardi de 8:20 \u00e0 [&hellip;]<\/p>","protected":false},"author":1,"featured_media":0,"parent":0,"menu_order":0,"comment_status":"closed","ping_status":"closed","template":"","meta":[],"_links":{"self":[{"href":"https:\/\/www.psychotherapie-ckmeuschel.de\/fr\/wp-json\/wp\/v2\/pages\/28"}],"collection":[{"href":"https:\/\/www.psychotherapie-ckmeuschel.de\/fr\/wp-json\/wp\/v2\/pages"}],"about":[{"href":"https:\/\/www.psychotherapie-ckmeuschel.de\/fr\/wp-json\/wp\/v2\/types\/page"}],"author":[{"embeddable":true,"href":"https:\/\/www.psychotherapie-ckmeuschel.de\/fr\/wp-json\/wp\/v2\/users\/1"}],"replies":[{"embeddable":true,"href":"https:\/\/www.psychotherapie-ckmeuschel.de\/fr\/wp-json\/wp\/v2\/comments?post=28"}],"version-history":[{"count":89,"href":"https:\/\/www.psychotherapie-ckmeuschel.de\/fr\/wp-json\/wp\/v2\/pages\/28\/revisions"}],"predecessor-version":[{"id":1634,"href":"https:\/\/www.psychotherapie-ckmeuschel.de\/fr\/wp-json\/wp\/v2\/pages\/28\/revisions\/1634"}],"wp:attachment":[{"href":"https:\/\/www.psychotherapie-ckmeuschel.de\/fr\/wp-json\/wp\/v2\/media?parent=28"}],"curies":[{"name":"wp","href":"https:\/\/api.w.org\/{rel}","templated":true}]}}