{"id":766,"date":"2020-11-28T20:47:48","date_gmt":"2020-11-28T20:47:48","guid":{"rendered":"https:\/\/www.psychotherapie-ckmeuschel.de\/?page_id=766"},"modified":"2021-01-24T16:09:45","modified_gmt":"2021-01-24T16:09:45","slug":"ablauf-der-psychotherapie","status":"publish","type":"page","link":"https:\/\/www.psychotherapie-ckmeuschel.de\/fr\/ablauf-der-psychotherapie\/","title":{"rendered":"D\u00e9roulement de la psychoth\u00e9rapie"},"content":{"rendered":"<div data-elementor-type=\"wp-page\" data-elementor-id=\"766\" class=\"elementor elementor-766\" data-elementor-settings=\"[]\">\n\t\t\t\t\t\t<div class=\"elementor-inner\">\n\t\t\t\t\t\t\t<div class=\"elementor-section-wrap\">\n\t\t\t\t\t\t\t<main class=\"elementor-section elementor-top-section elementor-element elementor-element-22d8b35b elementor-section-content-middle custom-header elementor-section-boxed elementor-section-height-default elementor-section-height-default\" data-id=\"22d8b35b\" data-element_type=\"section\" data-settings=\"{&quot;background_background&quot;:&quot;classic&quot;}\">\n\t\t\t\t\t\t\t<div class=\"elementor-background-overlay\"><\/div>\n\t\t\t\t\t\t\t<div class=\"elementor-container elementor-column-gap-wide\">\n\t\t\t\t\t\t\t<div class=\"elementor-row\">\n\t\t\t\t\t<div class=\"elementor-column elementor-col-100 elementor-top-column elementor-element elementor-element-4a97d920 custom-header\" data-id=\"4a97d920\" data-element_type=\"column\" data-settings=\"{&quot;background_background&quot;:&quot;classic&quot;}\">\n\t\t\t<div class=\"elementor-column-wrap\">\n\t\t\t\t\t\t\t<div class=\"elementor-widget-wrap\">\n\t\t\t\t\t\t\t\t<\/div>\n\t\t\t\t\t<\/div>\n\t\t<\/div>\n\t\t\t\t\t\t\t\t<\/div>\n\t\t\t\t\t<\/div>\n\t\t<\/main>\n\t\t\t\t<section class=\"elementor-section elementor-top-section elementor-element elementor-element-7b8ee6d0 standardtext elementor-section-boxed elementor-section-height-default elementor-section-height-default\" data-id=\"7b8ee6d0\" data-element_type=\"section\">\n\t\t\t\t\t\t<div class=\"elementor-container elementor-column-gap-default\">\n\t\t\t\t\t\t\t<div class=\"elementor-row\">\n\t\t\t\t\t<div class=\"elementor-column elementor-col-100 elementor-top-column elementor-element elementor-element-2386cdf8\" data-id=\"2386cdf8\" data-element_type=\"column\">\n\t\t\t<div class=\"elementor-column-wrap elementor-element-populated\">\n\t\t\t\t\t\t\t<div class=\"elementor-widget-wrap\">\n\t\t\t\t\t\t<div class=\"elementor-element elementor-element-0365529 elementor-widget elementor-widget-heading\" data-id=\"0365529\" data-element_type=\"widget\" data-widget_type=\"heading.default\">\n\t\t\t\t<div class=\"elementor-widget-container\">\n\t\t\t<h2 class=\"elementor-heading-title elementor-size-default\">D\u00e9roulement de la psychoth\u00e9rapie<\/h2>\t\t<\/div>\n\t\t\t\t<\/div>\n\t\t\t\t<div class=\"elementor-element elementor-element-72efa3f0 elementor-widget elementor-widget-text-editor\" data-id=\"72efa3f0\" data-element_type=\"widget\" data-widget_type=\"text-editor.default\">\n\t\t\t\t<div class=\"elementor-widget-container\">\n\t\t\t\t\t<div class=\"elementor-text-editor elementor-clearfix\"><p>La psychoth\u00e9rapie commence par un premier entretien au cours duquel vous me ferez part de vos soucis. Vous recevrez une \u00e9valuation pour savoir si une psychoth\u00e9rapie peut \u00eatre utile ici  ou alors des conseils sur ce que vous pouvez faire d'autre. En outre, je vous donnerai de plus amples informations sur le fonctionnement de la psychoth\u00e9rapie.<\/p><p>Lors des prochaines consultations, nous observerons et analyserons en profondeur le sujet qui vous a amen\u00e9. Nous effectuerons une r\u00e9trospective (anamn\u00e8se) sur votre vie afin de voir d\u2019\u00e9ventuels liens avec vos probl\u00e8mes actuels. Enfin, des objectifs th\u00e9rapeutiques sont fix\u00e9s. Les objectifs de la th\u00e9rapie doivent avant tout \u00eatre vos objectifs, pas ceux de vore famille, votre partenaire ou vos amis! Je vous accompagnerai et vous soutiendrai sur le chemin<\/p><p>Si vous \u00eates d'accord avec la proc\u00e9dure et d\u00e9cidez de suivre une th\u00e9rapie avec moi, nous pourrons alors demander des s\u00e9ances de th\u00e9rapie \u00e0 votre assurance maladie. En r\u00e8gle g\u00e9n\u00e9rale, une s\u00e9ance de th\u00e9rapie hebdomadaire aura lieu. Le nombre et la dur\u00e9e de la psychoth\u00e9rapie peuvent \u00eatre tr\u00e8s variables : parfois quelques s\u00e9ances suffisent, dans d'autres situations, un processus plus long de 1 ou 2 ans est n\u00e9cessaire. La psychoth\u00e9rapie, c\u2019est l\u2019art des petits pas, o\u00f9 l\u2019on tente de changer petit \u00e0 petit des habitudes ou des attitudes qui sont n\u00e9fastes.<\/p><\/div>\n\t\t\t\t<\/div>\n\t\t\t\t<\/div>\n\t\t\t\t\t\t<\/div>\n\t\t\t\t\t<\/div>\n\t\t<\/div>\n\t\t\t\t\t\t\t\t<\/div>\n\t\t\t\t\t<\/div>\n\t\t<\/section>\n\t\t\t\t\t\t<\/div>\n\t\t\t\t\t\t<\/div>\n\t\t\t\t\t<\/div>","protected":false},"excerpt":{"rendered":"<p>Ablauf der Psychotherapie Die Psychotherapie startet mit einem Erstgespr\u00e4ch, in dem Sie mir von Ihrem Anliegen berichten. Sie bekommen eine Einsch\u00e4tzung, ob Psychotherapie hier hilfreich sein kann und Hinweise, was Sie sonst noch tun k\u00f6nnen. Auch erteile ich Ihnen genauere Informationen dar\u00fcber, wie Psychotherapie eigentlich funktioniert. In weiteren Terminen wird eine Anamnese erhoben. \u00a0Wir f\u00fchren [&hellip;]<\/p>","protected":false},"author":1,"featured_media":0,"parent":0,"menu_order":0,"comment_status":"closed","ping_status":"closed","template":"","meta":[],"_links":{"self":[{"href":"https:\/\/www.psychotherapie-ckmeuschel.de\/fr\/wp-json\/wp\/v2\/pages\/766"}],"collection":[{"href":"https:\/\/www.psychotherapie-ckmeuschel.de\/fr\/wp-json\/wp\/v2\/pages"}],"about":[{"href":"https:\/\/www.psychotherapie-ckmeuschel.de\/fr\/wp-json\/wp\/v2\/types\/page"}],"author":[{"embeddable":true,"href":"https:\/\/www.psychotherapie-ckmeuschel.de\/fr\/wp-json\/wp\/v2\/users\/1"}],"replies":[{"embeddable":true,"href":"https:\/\/www.psychotherapie-ckmeuschel.de\/fr\/wp-json\/wp\/v2\/comments?post=766"}],"version-history":[{"count":26,"href":"https:\/\/www.psychotherapie-ckmeuschel.de\/fr\/wp-json\/wp\/v2\/pages\/766\/revisions"}],"predecessor-version":[{"id":1630,"href":"https:\/\/www.psychotherapie-ckmeuschel.de\/fr\/wp-json\/wp\/v2\/pages\/766\/revisions\/1630"}],"wp:attachment":[{"href":"https:\/\/www.psychotherapie-ckmeuschel.de\/fr\/wp-json\/wp\/v2\/media?parent=766"}],"curies":[{"name":"wp","href":"https:\/\/api.w.org\/{rel}","templated":true}]}}