{"id":769,"date":"2020-11-28T20:48:20","date_gmt":"2020-11-28T20:48:20","guid":{"rendered":"https:\/\/www.psychotherapie-ckmeuschel.de\/?page_id=769"},"modified":"2020-12-21T18:08:19","modified_gmt":"2020-12-21T18:08:19","slug":"rahmenbedingungen","status":"publish","type":"page","link":"https:\/\/www.psychotherapie-ckmeuschel.de\/fr\/rahmenbedingungen\/","title":{"rendered":"Conditions g\u00e9n\u00e9rales"},"content":{"rendered":"<div data-elementor-type=\"wp-page\" data-elementor-id=\"769\" class=\"elementor elementor-769\" data-elementor-settings=\"[]\">\n\t\t\t\t\t\t<div class=\"elementor-inner\">\n\t\t\t\t\t\t\t<div class=\"elementor-section-wrap\">\n\t\t\t\t\t\t\t<main class=\"elementor-section elementor-top-section elementor-element elementor-element-59111bbb elementor-section-content-middle custom-header elementor-section-boxed elementor-section-height-default elementor-section-height-default\" data-id=\"59111bbb\" data-element_type=\"section\" data-settings=\"{&quot;background_background&quot;:&quot;classic&quot;}\">\n\t\t\t\t\t\t\t<div class=\"elementor-background-overlay\"><\/div>\n\t\t\t\t\t\t\t<div class=\"elementor-container elementor-column-gap-wide\">\n\t\t\t\t\t\t\t<div class=\"elementor-row\">\n\t\t\t\t\t<div class=\"elementor-column elementor-col-100 elementor-top-column elementor-element elementor-element-71e87838 custom-header\" data-id=\"71e87838\" data-element_type=\"column\" data-settings=\"{&quot;background_background&quot;:&quot;classic&quot;}\">\n\t\t\t<div class=\"elementor-column-wrap elementor-element-populated\">\n\t\t\t\t\t\t\t<div class=\"elementor-widget-wrap\">\n\t\t\t\t\t\t<div class=\"elementor-element elementor-element-af1366d custom-headline elementor-widget elementor-widget-heading\" data-id=\"af1366d\" data-element_type=\"widget\" data-widget_type=\"heading.default\">\n\t\t\t\t<div class=\"elementor-widget-container\">\n\t\t\t<h1 class=\"elementor-heading-title elementor-size-default\">Conditions g\u00e9n\u00e9rales<\/h1>\t\t<\/div>\n\t\t\t\t<\/div>\n\t\t\t\t\t\t<\/div>\n\t\t\t\t\t<\/div>\n\t\t<\/div>\n\t\t\t\t\t\t\t\t<\/div>\n\t\t\t\t\t<\/div>\n\t\t<\/main>\n\t\t\t\t<section class=\"elementor-section elementor-top-section elementor-element elementor-element-70e26167 standardtext elementor-section-boxed elementor-section-height-default elementor-section-height-default\" data-id=\"70e26167\" data-element_type=\"section\">\n\t\t\t\t\t\t<div class=\"elementor-container elementor-column-gap-default\">\n\t\t\t\t\t\t\t<div class=\"elementor-row\">\n\t\t\t\t\t<div class=\"elementor-column elementor-col-100 elementor-top-column elementor-element elementor-element-7ef138b9\" data-id=\"7ef138b9\" data-element_type=\"column\">\n\t\t\t<div class=\"elementor-column-wrap elementor-element-populated\">\n\t\t\t\t\t\t\t<div class=\"elementor-widget-wrap\">\n\t\t\t\t\t\t<div class=\"elementor-element elementor-element-6531f1b4 elementor-widget elementor-widget-text-editor\" data-id=\"6531f1b4\" data-element_type=\"widget\" data-widget_type=\"text-editor.default\">\n\t\t\t\t<div class=\"elementor-widget-container\">\n\t\t\t\t\t<div class=\"elementor-text-editor elementor-clearfix\"><p class=\"MsoNormal\" style=\"text-align: justify;\"><b>La psychoth\u00e9rapie comme prestation d'assurance maladie<\/b><\/p><p class=\"MsoNormal\" style=\"text-align: justify;\">En r\u00e8gle g\u00e9n\u00e9rale, les co\u00fbts de la psychoth\u00e9rapie sont pris en charge par les caisses d'assurance maladie allemandes Il faut pour cela \u00e9tablir un diagnostic au sens du CIM-10. Les premi\u00e8res s\u00e9ances servent \u00e0 faire le point par rapport au diagnostic,  \u00e0 vos objectifs et \u00e0 la n\u00e9cessit\u00e9 de suivre une psychoth\u00e9rapie.<\/p><p class=\"MsoNormal\" style=\"text-align: justify;\"><b>La psychoth\u00e9rapie est une question de confiance<\/b><\/p><p class=\"MsoNormal\" style=\"text-align: justify;\">En tant que psychoth\u00e9rapeute, je suis tenue au secret professionnel, c'est-\u00e0-dire que je ne suis pas autoris\u00e9e \u00e0 transmettre les informations que je re\u00e7ois \u00e0 votre sujet et je ne le ferai en aucun cas.  \nPour que la th\u00e9rapie porte ses fruits, il est primordial que vous vous sentiez compris par le th\u00e9rapeute et que vous viviez les conversations comme un soulagement et une motivation. Si vous venez \u00e0 la th\u00e9rapie avec des maux d'estomac ou des \u00e9motions n\u00e9gatives , je vous demande de m\u2019en parler. En principe, la psychoth\u00e9rapie est un processus. Des sentiments d\u00e9sagr\u00e9ables peuvent survenir, mais ils doivent \u00eatre discut\u00e9s et d\u00e9pass\u00e9s.\u00a0<\/p><p class=\"MsoNormal\" style=\"text-align: justify;\"><\/p><p class=\"MsoNormal\" style=\"text-align: justify;\"><b>Le d\u00e9sir de changement et la volont\u00e9 de participer activement<\/b><\/p><p class=\"MsoNormal\" style=\"text-align: justify;\">Le psychoth\u00e9rapeute ne peut pas vous \"gu\u00e9rir\", mais il vous aide \u00e0 vous aider vous-m\u00eame. Pour obtenir une am\u00e9lioration durable, il est n\u00e9cessaire que vous mettiez en application les changements discut\u00e9s en th\u00e9rapies, \u00e9tape par \u00e9tape. Au cours de la th\u00e9rapie, vous recevrez  de moi des suggestions \u00e0 ce sujet. \n\n\n\nPour que la psychoth\u00e9rapie fonctionne, il est essentiel que vous vous pr\u00e9sentiez de mani\u00e8re fiable aux rendez-vous convenus. Vous pouvez annuler un rendez-vous par e-mail ou par t\u00e9l\u00e9phone jusqu'\u00e0 48 heures \u00e0 l'avance. Si un rendez-vous est annul\u00e9 plus de 48 heures avant, vous serez factur\u00e9 80 \u20ac \u00e0 titre priv\u00e9. Si les annulations sont trop fr\u00e9quentes, il peut \u00eatre n\u00e9cessaire d'interrompre la th\u00e9rapie.<\/p><p class=\"MsoNormal\" style=\"text-align: justify;\"><b><\/b><\/p><p class=\"MsoNormal\" style=\"text-align: justify;\"><b>\u00a0<\/b>\u00a0<\/p><p class=\"MsoNormal\" style=\"text-align: justify;\"><b>Coop\u00e9ration avec d'autres groupes\/coll\u00e8gues professionnels<\/b><\/p><p class=\"MsoNormal\" style=\"text-align: justify;\"><span style=\"font-size: 16px;\">Afin de bien planifier votre th\u00e9rapie, des informations compl\u00e9mentaire d'autres praticiens, (par exemple du m\u00e9decin de famille) sont souvent utiles. Le cas \u00e9cheant, une coop\u00e9ration avec un psychiatre ou un di\u00e9t\u00e9ticien peut \u00eatre n\u00e9cessaire. En tout cas, je vous le demanderai au pr\u00e9alable, ne serait-ce qu'en raison de l'obligation de confidentialit\u00e9.<\/span><\/p><\/div>\n\t\t\t\t<\/div>\n\t\t\t\t<\/div>\n\t\t\t\t\t\t<\/div>\n\t\t\t\t\t<\/div>\n\t\t<\/div>\n\t\t\t\t\t\t\t\t<\/div>\n\t\t\t\t\t<\/div>\n\t\t<\/section>\n\t\t\t\t\t\t<\/div>\n\t\t\t\t\t\t<\/div>\n\t\t\t\t\t<\/div>","protected":false},"excerpt":{"rendered":"<p>Rahmenbedingungen Psychotherapie als Kassenleistung Im Regelfall tragen die Krankenkassen (gesetzliche und private Krankenkassen) die Kosten f\u00fcr die Psychotherapie. Dazu ist die Erstellung einer Diagnose notwendig. Dies bedeutet, dass Psychotherapie nicht von den Kassen getragen werden kann, wenn es Ihnen im Grunde sehr gut geht und Sie vielleicht nur einen Rat f\u00fcr ein aktuell anstehendes Thema [&hellip;]<\/p>","protected":false},"author":1,"featured_media":0,"parent":0,"menu_order":0,"comment_status":"closed","ping_status":"closed","template":"","meta":[],"_links":{"self":[{"href":"https:\/\/www.psychotherapie-ckmeuschel.de\/fr\/wp-json\/wp\/v2\/pages\/769"}],"collection":[{"href":"https:\/\/www.psychotherapie-ckmeuschel.de\/fr\/wp-json\/wp\/v2\/pages"}],"about":[{"href":"https:\/\/www.psychotherapie-ckmeuschel.de\/fr\/wp-json\/wp\/v2\/types\/page"}],"author":[{"embeddable":true,"href":"https:\/\/www.psychotherapie-ckmeuschel.de\/fr\/wp-json\/wp\/v2\/users\/1"}],"replies":[{"embeddable":true,"href":"https:\/\/www.psychotherapie-ckmeuschel.de\/fr\/wp-json\/wp\/v2\/comments?post=769"}],"version-history":[{"count":10,"href":"https:\/\/www.psychotherapie-ckmeuschel.de\/fr\/wp-json\/wp\/v2\/pages\/769\/revisions"}],"predecessor-version":[{"id":1392,"href":"https:\/\/www.psychotherapie-ckmeuschel.de\/fr\/wp-json\/wp\/v2\/pages\/769\/revisions\/1392"}],"wp:attachment":[{"href":"https:\/\/www.psychotherapie-ckmeuschel.de\/fr\/wp-json\/wp\/v2\/media?parent=769"}],"curies":[{"name":"wp","href":"https:\/\/api.w.org\/{rel}","templated":true}]}}