{"id":94,"date":"2020-10-28T19:06:57","date_gmt":"2020-10-28T19:06:57","guid":{"rendered":"http:\/\/psychotherapie-ckmeuschel.de\/?page_id=94"},"modified":"2021-01-05T11:31:30","modified_gmt":"2021-01-05T11:31:30","slug":"home-2","status":"publish","type":"page","link":"https:\/\/www.psychotherapie-ckmeuschel.de\/fr\/","title":{"rendered":"Home"},"content":{"rendered":"<div data-elementor-type=\"wp-page\" data-elementor-id=\"94\" class=\"elementor elementor-94\" data-elementor-settings=\"[]\">\n\t\t\t\t\t\t<div class=\"elementor-inner\">\n\t\t\t\t\t\t\t<div class=\"elementor-section-wrap\">\n\t\t\t\t\t\t\t<main class=\"elementor-section elementor-top-section elementor-element elementor-element-409860 elementor-section-content-middle custom-header elementor-section-boxed elementor-section-height-default elementor-section-height-default\" data-id=\"409860\" data-element_type=\"section\" data-settings=\"{&quot;background_background&quot;:&quot;classic&quot;}\">\n\t\t\t\t\t\t\t<div class=\"elementor-background-overlay\"><\/div>\n\t\t\t\t\t\t\t<div class=\"elementor-container elementor-column-gap-wide\">\n\t\t\t\t\t\t\t<div class=\"elementor-row\">\n\t\t\t\t\t<div class=\"elementor-column elementor-col-100 elementor-top-column elementor-element elementor-element-1950f5a custom-header\" data-id=\"1950f5a\" data-element_type=\"column\" data-settings=\"{&quot;background_background&quot;:&quot;classic&quot;}\">\n\t\t\t<div class=\"elementor-column-wrap\">\n\t\t\t\t\t\t\t<div class=\"elementor-widget-wrap\">\n\t\t\t\t\t\t\t\t<\/div>\n\t\t\t\t\t<\/div>\n\t\t<\/div>\n\t\t\t\t\t\t\t\t<\/div>\n\t\t\t\t\t<\/div>\n\t\t<\/main>\n\t\t\t\t<section class=\"elementor-section elementor-top-section elementor-element elementor-element-f36948f standardtext elementor-section-boxed elementor-section-height-default elementor-section-height-default\" data-id=\"f36948f\" data-element_type=\"section\">\n\t\t\t\t\t\t<div class=\"elementor-container elementor-column-gap-default\">\n\t\t\t\t\t\t\t<div class=\"elementor-row\">\n\t\t\t\t\t<div class=\"elementor-column elementor-col-100 elementor-top-column elementor-element elementor-element-68923a7\" data-id=\"68923a7\" data-element_type=\"column\">\n\t\t\t<div class=\"elementor-column-wrap elementor-element-populated\">\n\t\t\t\t\t\t\t<div class=\"elementor-widget-wrap\">\n\t\t\t\t\t\t<div class=\"elementor-element elementor-element-744a2dd elementor-widget elementor-widget-heading\" data-id=\"744a2dd\" data-element_type=\"widget\" data-widget_type=\"heading.default\">\n\t\t\t\t<div class=\"elementor-widget-container\">\n\t\t\t<h1 class=\"elementor-heading-title elementor-size-default\">Bienvenue au cabinet de psychoth\u00e9rapie de Francfort-Riedberg!<\/h1>\t\t<\/div>\n\t\t\t\t<\/div>\n\t\t\t\t<div class=\"elementor-element elementor-element-7ee5fc7 elementor-widget elementor-widget-text-editor\" data-id=\"7ee5fc7\" data-element_type=\"widget\" data-widget_type=\"text-editor.default\">\n\t\t\t\t<div class=\"elementor-widget-container\">\n\t\t\t\t\t<div class=\"elementor-text-editor elementor-clearfix\"><p><span style=\"font-size: 16px; color: var( --e-global-color-6b20b34 );\"><\/span><\/p><p>Suite \u00e0 une ma\u00eetrise de psychologie clinique avec une orientation psychanalytique \u00e0 l'universit\u00e9 Sophia Antipolis de Nice, j'ai termin\u00e9 mes \u00e9tudes de psychologie \u00e0 l'universit\u00e9 de la Sarre \u00e0 Sarrebruck. Par la suite, j'ai effectu\u00e9 ma formation de psychoth\u00e9rapeute avec une sp\u00e9cialisation en th\u00e9rapies cognitivo-comportementales. \nPraticienne de la psychoth\u00e9rapie depuis 2005, j'ai opt\u00e9 pour une formation continue visant \u00e0 traiter des traumatismes psychiques, en particulier <strong><a href=\"https:\/\/www.psychotherapie-ckmeuschel.de\/fr\/pitt\/\">PITT ou TPIT<\/a><\/strong> (Th\u00e9rapie psychodynamique Imaginative des Traumatismes) et <strong><a href=\"https:\/\/www.psychotherapie-ckmeuschel.de\/fr\/emdr\/\">EMDR<\/a> <\/strong>(Eye Mouvement Desentizisation and Reprocessing).<\/p><p>Je peux vous proposer diff\u00e9rentes approches de psychoth\u00e9rapie en langue allemande et fran\u00e7aise. Ces m\u00e9thodes ont toutes fait leurs preuves et nous pouvons voir ensemble ce qui pourra vous aider \u00e0 aller de l'avant!<\/p><p><span style=\"color: #339966;\"><strong><a href=\"https:\/\/www.psychotherapie-ckmeuschel.de\/fr\/verhaltenstherapie\/\">Th\u00e9rapies cognitive-comportementales individuelles et en groupe<\/a><\/strong><\/span><\/p><p><strong style=\"font-size: 16px; color: var( --e-global-color-6b20b34 );\"><a href=\"https:\/\/www.psychotherapie-ckmeuschel.de\/fr\/emdr\/\">Th\u00e9rapie des traumatismes psychiques (EMDR<\/a>,\u00a0<\/strong><a style=\"font-size: 16px; background-color: #ffffff;\" href=\"https:\/\/www.psychotherapie-ckmeuschel.de\/fr\/pitt\/\"><strong>PITT)<\/strong><\/a><\/p><p><a style=\"font-size: 16px; background-color: #ffffff;\" href=\"https:\/\/www.psychotherapie-ckmeuschel.de\/fr\/entspannungsverfahren\/\"><strong>Entra\u00eenement \u00e0 la relaxation<\/strong><\/a><\/p><p><strong style=\"font-size: 16px; background-color: #ffffff;\"><a style=\"font-size: 16px; background-color: #ffffff;\" href=\"https:\/\/www.psychotherapie-ckmeuschel.de\/fr\/achsamkeitstherapie\/\">Th\u00e9rapie de la pleine conscience<\/a><\/strong><\/p><p><span style=\"color: #339966;\"><strong><a href=\"https:\/\/www.psychotherapie-ckmeuschel.de\/fr\/?preview_id=94&amp;preview_nonce=bde078cd33&amp;preview=true\">Psychotherapie in franz\u00f6sischer Sprache\/Psychoth\u00e9rapie en langue fran\u00e7aise<\/a>:<\/strong><\/span><\/p><p><span style=\"color: #3366ff;\"><strong>Cliquez aussi sur le bouton de langue pour avoir la traduction<\/strong><\/span><\/p><p><span style=\"color: #ff0000;\">Aus technischen Gr\u00fcnden Terminanfragen bitte aktuell nur per Mail! <\/span><\/p><p><span style=\"color: #ff0000;\">Pour des raisons techniques, les demandes de rendez-vous ne se font actuellement que par courrier \u00e9lectronique!<\/span><\/p><p><span style=\"color: #339966;\"><strong>\u00a0<\/strong><\/span><\/p><\/div>\n\t\t\t\t<\/div>\n\t\t\t\t<\/div>\n\t\t\t\t\t\t<\/div>\n\t\t\t\t\t<\/div>\n\t\t<\/div>\n\t\t\t\t\t\t\t\t<\/div>\n\t\t\t\t\t<\/div>\n\t\t<\/section>\n\t\t\t\t\t\t<\/div>\n\t\t\t\t\t\t<\/div>\n\t\t\t\t\t<\/div>","protected":false},"excerpt":{"rendered":"<p>Herzlich Willkommen in der Praxis f\u00fcr Psychotherapie in Frankfurt-Riedberg! Als Psychologische Psychotherapeutin habe ich Psychologie in Frankreich (Universit\u00e9 de Nice-Sophia Antipolis) und Deutschland (Universit\u00e4t des Saarlandes) mit einer Spezialisierung in Klinischer Psychologie studiert. Anschlie\u00dfend habe ich mich am IVV der Median Klinik Berus zur Psychotherapeutin weitergebildet. Ich verf\u00fcge \u00fcber die Fachkunde Verhaltenstherapie, schaue jedoch gerne [&hellip;]<\/p>","protected":false},"author":1,"featured_media":0,"parent":0,"menu_order":0,"comment_status":"closed","ping_status":"closed","template":"","meta":[],"_links":{"self":[{"href":"https:\/\/www.psychotherapie-ckmeuschel.de\/fr\/wp-json\/wp\/v2\/pages\/94"}],"collection":[{"href":"https:\/\/www.psychotherapie-ckmeuschel.de\/fr\/wp-json\/wp\/v2\/pages"}],"about":[{"href":"https:\/\/www.psychotherapie-ckmeuschel.de\/fr\/wp-json\/wp\/v2\/types\/page"}],"author":[{"embeddable":true,"href":"https:\/\/www.psychotherapie-ckmeuschel.de\/fr\/wp-json\/wp\/v2\/users\/1"}],"replies":[{"embeddable":true,"href":"https:\/\/www.psychotherapie-ckmeuschel.de\/fr\/wp-json\/wp\/v2\/comments?post=94"}],"version-history":[{"count":205,"href":"https:\/\/www.psychotherapie-ckmeuschel.de\/fr\/wp-json\/wp\/v2\/pages\/94\/revisions"}],"predecessor-version":[{"id":1570,"href":"https:\/\/www.psychotherapie-ckmeuschel.de\/fr\/wp-json\/wp\/v2\/pages\/94\/revisions\/1570"}],"wp:attachment":[{"href":"https:\/\/www.psychotherapie-ckmeuschel.de\/fr\/wp-json\/wp\/v2\/media?parent=94"}],"curies":[{"name":"wp","href":"https:\/\/api.w.org\/{rel}","templated":true}]}}